{"id":122,"date":"2025-02-19T13:40:58","date_gmt":"2025-02-19T13:40:58","guid":{"rendered":"https:\/\/store.laiamarita.com\/?page_id=122"},"modified":"2025-08-02T00:27:03","modified_gmt":"2025-08-02T00:27:03","slug":"sobre-mi","status":"publish","type":"page","link":"https:\/\/store.laiamarita.com\/en\/sobre-mi\/","title":{"rendered":"Sobre m\u00ed"},"content":{"rendered":"<div data-elementor-type=\"wp-page\" data-elementor-id=\"122\" class=\"elementor elementor-122\">\n\t\t\t\t<div class=\"elementor-element elementor-element-deb8db4 e-con-full e-flex e-con e-parent\" data-id=\"deb8db4\" data-element_type=\"container\" data-settings=\"{&quot;background_background&quot;:&quot;slideshow&quot;,&quot;background_slideshow_gallery&quot;:[{&quot;id&quot;:2752,&quot;url&quot;:&quot;https:\\\/\\\/store.laiamarita.com\\\/wp-content\\\/uploads\\\/2025\\\/03\\\/laiamarita-artista-urbana-arte-mural-decoracion-rebelde-pintura-creativa.jpg&quot;}],&quot;background_slideshow_transition_duration&quot;:5000,&quot;background_slideshow_loop&quot;:&quot;yes&quot;,&quot;background_slideshow_slide_duration&quot;:5000,&quot;background_slideshow_slide_transition&quot;:&quot;fade&quot;}\">\n\t\t\t\t<div class=\"elementor-element elementor-element-c983b7d elementor-widget elementor-widget-heading\" data-id=\"c983b7d\" data-element_type=\"widget\" data-widget_type=\"heading.default\">\n\t\t\t\t<div class=\"elementor-widget-container\">\n\t\t\t\t\t<h1 class=\"elementor-heading-title elementor-size-default\">Meraki<\/h1>\t\t\t\t<\/div>\n\t\t\t\t<\/div>\n\t\t\t\t<\/div>\n\t\t<div class=\"elementor-element elementor-element-ce46456 e-flex e-con-boxed e-con e-parent\" data-id=\"ce46456\" data-element_type=\"container\">\n\t\t\t\t\t<div class=\"e-con-inner\">\n\t\t<div class=\"elementor-element elementor-element-3fa2ca5 e-con-full e-flex e-con e-child\" data-id=\"3fa2ca5\" data-element_type=\"container\">\n\t\t<div class=\"elementor-element elementor-element-02bd90c e-con-full e-flex e-con e-child\" data-id=\"02bd90c\" data-element_type=\"container\">\n\t\t\t\t<div class=\"elementor-element elementor-element-8bf93b0 elementor-widget elementor-widget-heading\" data-id=\"8bf93b0\" data-element_type=\"widget\" data-widget_type=\"heading.default\">\n\t\t\t\t<div class=\"elementor-widget-container\">\n\t\t\t\t\t<h2 class=\"elementor-heading-title elementor-size-default\">LAIA AM\u00c0RITA <\/h2>\t\t\t\t<\/div>\n\t\t\t\t<\/div>\n\t\t\t\t<\/div>\n\t\t<div class=\"elementor-element elementor-element-6ff6058 e-con-full e-flex e-con e-child\" data-id=\"6ff6058\" data-element_type=\"container\">\n\t\t\t\t<div class=\"elementor-element elementor-element-6e6d87c elementor-widget__width-initial elementor-widget elementor-widget-heading\" data-id=\"6e6d87c\" data-element_type=\"widget\" data-widget_type=\"heading.default\">\n\t\t\t\t<div class=\"elementor-widget-container\">\n\t\t\t\t\t<h2 class=\"elementor-heading-title elementor-size-default\">&lt;&lt; No coincibo vivir de otra forma que no sea impactar los corazones<br> y las pupilas de las personas &gt;&gt;.\n<\/h2>\t\t\t\t<\/div>\n\t\t\t\t<\/div>\n\t\t\t\t<\/div>\n\t\t\t\t<\/div>\n\t\t\t\t\t<\/div>\n\t\t\t\t<\/div>\n\t\t<div class=\"elementor-element elementor-element-ecdd911 e-flex e-con-boxed e-con e-parent\" data-id=\"ecdd911\" data-element_type=\"container\">\n\t\t\t\t\t<div class=\"e-con-inner\">\n\t\t<div class=\"elementor-element elementor-element-4bef524 e-con-full e-flex e-con e-child\" data-id=\"4bef524\" data-element_type=\"container\">\n\t\t\t\t<div class=\"elementor-element elementor-element-80c98a5 elementor-widget elementor-widget-video\" data-id=\"80c98a5\" data-element_type=\"widget\" data-settings=\"{&quot;video_type&quot;:&quot;hosted&quot;,&quot;controls&quot;:&quot;yes&quot;}\" data-widget_type=\"video.default\">\n\t\t\t\t<div class=\"elementor-widget-container\">\n\t\t\t\t\t\t\t<div class=\"e-hosted-video elementor-wrapper elementor-open-inline\">\n\t\t\t\t\t<video class=\"elementor-video\" src=\"https:\/\/store.laiamarita.com\/wp-content\/uploads\/2025\/03\/laiamarita-arte-urbano-pintura-creativa.mp4\" controls=\"\" preload=\"metadata\" controlslist=\"nodownload\"><\/video>\n\t\t\t\t<\/div>\n\t\t\t\t\t\t<\/div>\n\t\t\t\t<\/div>\n\t\t\t\t<\/div>\n\t\t\t\t\t<\/div>\n\t\t\t\t<\/div>\n\t\t<div class=\"elementor-element elementor-element-d96faaf e-flex e-con-boxed e-con e-parent\" data-id=\"d96faaf\" data-element_type=\"container\">\n\t\t\t\t\t<div class=\"e-con-inner\">\n\t\t<div class=\"elementor-element elementor-element-502cd9b e-con-full e-flex e-con e-child\" data-id=\"502cd9b\" data-element_type=\"container\">\n\t\t<div class=\"elementor-element elementor-element-62ca6fb e-con-full e-flex e-con e-child\" data-id=\"62ca6fb\" data-element_type=\"container\">\n\t\t\t\t<div class=\"elementor-element elementor-element-48343ef elementor-widget elementor-widget-text-editor\" data-id=\"48343ef\" data-element_type=\"widget\" data-widget_type=\"text-editor.default\">\n\t\t\t\t<div class=\"elementor-widget-container\">\n\t\t\t\t\t\t\t\t\t<p data-start=\"496\" data-end=\"708\">Mi arte no entiende de l\u00edmites. Es audaz, rebelde y lleno de energ\u00eda. Para los que se atreven a romper con lo convencional, mi trabajo es mucho m\u00e1s que decoraci\u00f3n: es una explosi\u00f3n de color, fuerza y resiliencia.<\/p><p data-start=\"710\" data-end=\"915\">Mi misi\u00f3n es transformar cada espacio en un reflejo de creatividad y libertad. Es para aquellos que buscan mostrar su esencia m\u00e1s aut\u00e9ntica, para los que desean un arte que desaf\u00ede, conmueva y deje huella.<\/p><p data-start=\"496\" data-end=\"708\">\u00a0<\/p>\t\t\t\t\t\t\t\t<\/div>\n\t\t\t\t<\/div>\n\t\t<div class=\"elementor-element elementor-element-85bdcae e-flex e-con-boxed e-con e-child\" data-id=\"85bdcae\" data-element_type=\"container\">\n\t\t\t\t\t<div class=\"e-con-inner\">\n\t\t\t\t\t<\/div>\n\t\t\t\t<\/div>\n\t\t\t\t<\/div>\n\t\t\t\t<\/div>\n\t\t\t\t\t<\/div>\n\t\t\t\t<\/div>\n\t\t<div class=\"elementor-element elementor-element-54a16e3 e-flex e-con-boxed e-con e-parent\" data-id=\"54a16e3\" data-element_type=\"container\">\n\t\t\t\t\t<div class=\"e-con-inner\">\n\t\t<div class=\"elementor-element elementor-element-431d902 e-con-full e-flex e-con e-child\" data-id=\"431d902\" data-element_type=\"container\">\n\t\t\t\t<div class=\"elementor-element elementor-element-9410202 elementor-widget-divider--view-line elementor-widget elementor-widget-divider\" data-id=\"9410202\" data-element_type=\"widget\" data-widget_type=\"divider.default\">\n\t\t\t\t<div class=\"elementor-widget-container\">\n\t\t\t\t\t\t\t<div class=\"elementor-divider\">\n\t\t\t<span class=\"elementor-divider-separator\">\n\t\t\t\t\t\t<\/span>\n\t\t<\/div>\n\t\t\t\t\t\t<\/div>\n\t\t\t\t<\/div>\n\t\t\t\t<\/div>\n\t\t\t\t\t<\/div>\n\t\t\t\t<\/div>\n\t\t<div class=\"elementor-element elementor-element-806f295 e-flex e-con-boxed e-con e-parent\" data-id=\"806f295\" data-element_type=\"container\">\n\t\t\t\t\t<div class=\"e-con-inner\">\n\t\t\t\t\t<\/div>\n\t\t\t\t<\/div>\n\t\t<div class=\"elementor-element elementor-element-6358511 e-flex e-con-boxed e-con e-parent\" data-id=\"6358511\" data-element_type=\"container\">\n\t\t\t\t\t<div class=\"e-con-inner\">\n\t\t<div class=\"elementor-element elementor-element-a46750a e-con-full e-flex e-con e-child\" data-id=\"a46750a\" data-element_type=\"container\">\n\t\t<div class=\"elementor-element elementor-element-e5ad51a e-con-full e-flex e-con e-child\" data-id=\"e5ad51a\" data-element_type=\"container\">\n\t\t\t\t<div class=\"elementor-element elementor-element-c4fc26b elementor-widget elementor-widget-heading\" data-id=\"c4fc26b\" data-element_type=\"widget\" data-widget_type=\"heading.default\">\n\t\t\t\t<div class=\"elementor-widget-container\">\n\t\t\t\t\t<h2 class=\"elementor-heading-title elementor-size-default\">Creando experiencias visuales<\/h2>\t\t\t\t<\/div>\n\t\t\t\t<\/div>\n\t\t\t\t<\/div>\n\t\t<div class=\"elementor-element elementor-element-2391445 e-flex e-con-boxed e-con e-child\" data-id=\"2391445\" data-element_type=\"container\">\n\t\t\t\t\t<div class=\"e-con-inner\">\n\t\t\t\t<div class=\"elementor-element elementor-element-26a255d elementor-widget elementor-widget-text-editor\" data-id=\"26a255d\" data-element_type=\"widget\" data-widget_type=\"text-editor.default\">\n\t\t\t\t<div class=\"elementor-widget-container\">\n\t\t\t\t\t\t\t\t\t<p>Con m\u00e1s de 15 a\u00f1os de experiencia en el \u00e1mbito del dise\u00f1o gr\u00e1fico y la ilustraci\u00f3n, Laia Am\u00e0rita ha desarrollado una carrera vers\u00e1til que abarca desde la ilustraci\u00f3n editorial hasta el muralismo y el dise\u00f1o multimedia. Licenciada en Bellas Artes por la Universidad de Barcelona y con un M\u00e1ster en Ilustraci\u00f3n y Dise\u00f1o, su trayectoria profesional est\u00e1 marcada por la creatividad y la capacidad de transformar ideas en im\u00e1genes impactantes.<\/p>\t\t\t\t\t\t\t\t<\/div>\n\t\t\t\t<\/div>\n\t\t<div class=\"elementor-element elementor-element-31daf57 e-con-full e-flex e-con e-child\" data-id=\"31daf57\" data-element_type=\"container\">\n\t\t\t\t<div class=\"elementor-element elementor-element-a2bde1e elementor-widget elementor-widget-button\" data-id=\"a2bde1e\" data-element_type=\"widget\" data-widget_type=\"button.default\">\n\t\t\t\t<div class=\"elementor-widget-container\">\n\t\t\t\t\t\t\t\t\t<div class=\"elementor-button-wrapper\">\n\t\t\t\t\t<a class=\"elementor-button elementor-button-link elementor-size-sm\" href=\"#\">\n\t\t\t\t\t\t<span class=\"elementor-button-content-wrapper\">\n\t\t\t\t\t\t\t\t\t<span class=\"elementor-button-text\">Haz clic aqu\u00ed<\/span>\n\t\t\t\t\t<\/span>\n\t\t\t\t\t<\/a>\n\t\t\t\t<\/div>\n\t\t\t\t\t\t\t\t<\/div>\n\t\t\t\t<\/div>\n\t\t\t\t<\/div>\n\t\t\t\t\t<\/div>\n\t\t\t\t<\/div>\n\t\t\t\t<\/div>\n\t\t<div class=\"elementor-element elementor-element-9eef6ab e-con-full e-flex e-con e-child\" data-id=\"9eef6ab\" data-element_type=\"container\">\n\t\t<div class=\"elementor-element elementor-element-c81a6b3 e-con-full e-flex e-con e-child\" data-id=\"c81a6b3\" data-element_type=\"container\">\n\t\t\t\t<div class=\"elementor-element elementor-element-172a714 elementor-widget elementor-widget-image\" data-id=\"172a714\" data-element_type=\"widget\" data-widget_type=\"image.default\">\n\t\t\t\t<div class=\"elementor-widget-container\">\n\t\t\t\t\t\t\t\t\t\t\t\t\t\t\t<img fetchpriority=\"high\" decoding=\"async\" width=\"1007\" height=\"1024\" src=\"https:\/\/store.laiamarita.com\/wp-content\/uploads\/2025\/03\/laiamarita-marca-personal-diseno-grafico-branding-decoracion-rebelde-1007x1024.png\" class=\"attachment-large size-large wp-image-2771\" alt=\"laiamarita-marca-personal-diseno-grafico-branding-decoracion-rebelde\" srcset=\"https:\/\/store.laiamarita.com\/wp-content\/uploads\/2025\/03\/laiamarita-marca-personal-diseno-grafico-branding-decoracion-rebelde-1007x1024.png 1007w, https:\/\/store.laiamarita.com\/wp-content\/uploads\/2025\/03\/laiamarita-marca-personal-diseno-grafico-branding-decoracion-rebelde-295x300.png 295w, https:\/\/store.laiamarita.com\/wp-content\/uploads\/2025\/03\/laiamarita-marca-personal-diseno-grafico-branding-decoracion-rebelde-768x781.png 768w, https:\/\/store.laiamarita.com\/wp-content\/uploads\/2025\/03\/laiamarita-marca-personal-diseno-grafico-branding-decoracion-rebelde-1511x1536.png 1511w, https:\/\/store.laiamarita.com\/wp-content\/uploads\/2025\/03\/laiamarita-marca-personal-diseno-grafico-branding-decoracion-rebelde-2015x2048.png 2015w, https:\/\/store.laiamarita.com\/wp-content\/uploads\/2025\/03\/laiamarita-marca-personal-diseno-grafico-branding-decoracion-rebelde-600x610.png 600w\" sizes=\"(max-width: 1007px) 100vw, 1007px\" \/>\t\t\t\t\t\t\t\t\t\t\t\t\t\t\t<\/div>\n\t\t\t\t<\/div>\n\t\t\t\t<\/div>\n\t\t\t\t<\/div>\n\t\t\t\t\t<\/div>\n\t\t\t\t<\/div>\n\t\t<div class=\"elementor-element elementor-element-6ce44f3 e-flex e-con-boxed e-con e-parent\" data-id=\"6ce44f3\" data-element_type=\"container\">\n\t\t\t\t\t<div class=\"e-con-inner\">\n\t\t<div class=\"elementor-element elementor-element-d04eb89 e-con-full e-flex e-con e-child\" data-id=\"d04eb89\" data-element_type=\"container\">\n\t\t<div class=\"elementor-element elementor-element-29f74b5 e-con-full e-flex e-con e-child\" data-id=\"29f74b5\" data-element_type=\"container\">\n\t\t\t\t<div class=\"elementor-element elementor-element-74a43f1 elementor-widget elementor-widget-image\" data-id=\"74a43f1\" data-element_type=\"widget\" data-widget_type=\"image.default\">\n\t\t\t\t<div class=\"elementor-widget-container\">\n\t\t\t\t\t\t\t\t\t\t\t\t\t\t\t<img decoding=\"async\" width=\"533\" height=\"800\" src=\"https:\/\/store.laiamarita.com\/wp-content\/uploads\/2025\/03\/laiamarita-artista-urbana-pintora-murales-decoracion-creativa-rebelde-graffitti.jpg\" class=\"attachment-large size-large wp-image-2757\" alt=\"laiamarita-artista-urbana-pintora-murales-decoracion-creativa-rebelde-graffitti\" srcset=\"https:\/\/store.laiamarita.com\/wp-content\/uploads\/2025\/03\/laiamarita-artista-urbana-pintora-murales-decoracion-creativa-rebelde-graffitti.jpg 533w, https:\/\/store.laiamarita.com\/wp-content\/uploads\/2025\/03\/laiamarita-artista-urbana-pintora-murales-decoracion-creativa-rebelde-graffitti-200x300.jpg 200w\" sizes=\"(max-width: 533px) 100vw, 533px\" \/>\t\t\t\t\t\t\t\t\t\t\t\t\t\t\t<\/div>\n\t\t\t\t<\/div>\n\t\t\t\t<\/div>\n\t\t\t\t<\/div>\n\t\t<div class=\"elementor-element elementor-element-09131c7 e-con-full e-flex e-con e-child\" data-id=\"09131c7\" data-element_type=\"container\">\n\t\t<div class=\"elementor-element elementor-element-8d7a53d e-con-full e-flex e-con e-child\" data-id=\"8d7a53d\" data-element_type=\"container\">\n\t\t\t\t<div class=\"elementor-element elementor-element-f1d8e6e elementor-widget elementor-widget-heading\" data-id=\"f1d8e6e\" data-element_type=\"widget\" data-widget_type=\"heading.default\">\n\t\t\t\t<div class=\"elementor-widget-container\">\n\t\t\t\t\t<h2 class=\"elementor-heading-title elementor-size-default\">Arte urbano \u200b<\/h2>\t\t\t\t<\/div>\n\t\t\t\t<\/div>\n\t\t\t\t<\/div>\n\t\t<div class=\"elementor-element elementor-element-caa59b6 e-flex e-con-boxed e-con e-child\" data-id=\"caa59b6\" data-element_type=\"container\">\n\t\t\t\t\t<div class=\"e-con-inner\">\n\t\t\t\t<div class=\"elementor-element elementor-element-4d1c6eb elementor-widget elementor-widget-text-editor\" data-id=\"4d1c6eb\" data-element_type=\"widget\" data-widget_type=\"text-editor.default\">\n\t\t\t\t<div class=\"elementor-widget-container\">\n\t\t\t\t\t\t\t\t\t<p>Su faceta como muralista la ha llevado a intervenir en espacios urbanos y comerciales, creando obras que combinan color, expresi\u00f3n y narrativa, transformando entornos y generando experiencias visuales memorables. Actualmente, sigue explorando nuevas formas de expresi\u00f3n art\u00edstica, aportando su talento a proyectos que buscan conectar con el p\u00fablico a trav\u00e9s de la imagen y la creatividad.<\/p>\t\t\t\t\t\t\t\t<\/div>\n\t\t\t\t<\/div>\n\t\t\t\t\t<\/div>\n\t\t\t\t<\/div>\n\t\t\t\t<\/div>\n\t\t\t\t\t<\/div>\n\t\t\t\t<\/div>\n\t\t<div class=\"elementor-element elementor-element-cc9cbff e-flex e-con-boxed e-con e-parent\" data-id=\"cc9cbff\" data-element_type=\"container\">\n\t\t\t\t\t<div class=\"e-con-inner\">\n\t\t<div class=\"elementor-element elementor-element-1cc618a e-con-full e-flex e-con e-child\" data-id=\"1cc618a\" data-element_type=\"container\">\n\t\t\t\t<div class=\"elementor-element elementor-element-f9be895 elementor-widget-divider--view-line elementor-widget elementor-widget-divider\" data-id=\"f9be895\" data-element_type=\"widget\" data-widget_type=\"divider.default\">\n\t\t\t\t<div class=\"elementor-widget-container\">\n\t\t\t\t\t\t\t<div class=\"elementor-divider\">\n\t\t\t<span class=\"elementor-divider-separator\">\n\t\t\t\t\t\t<\/span>\n\t\t<\/div>\n\t\t\t\t\t\t<\/div>\n\t\t\t\t<\/div>\n\t\t\t\t<\/div>\n\t\t\t\t\t<\/div>\n\t\t\t\t<\/div>\n\t\t<div class=\"elementor-element elementor-element-f28c14a e-flex e-con-boxed e-con e-parent\" data-id=\"f28c14a\" data-element_type=\"container\">\n\t\t\t\t\t<div class=\"e-con-inner\">\n\t\t<div class=\"elementor-element elementor-element-411d4a5 e-con-full e-flex e-con e-child\" data-id=\"411d4a5\" data-element_type=\"container\">\n\t\t\t\t<div class=\"elementor-element elementor-element-683be47 elementor-widget-divider--view-line elementor-widget elementor-widget-divider\" data-id=\"683be47\" data-element_type=\"widget\" data-widget_type=\"divider.default\">\n\t\t\t\t<div class=\"elementor-widget-container\">\n\t\t\t\t\t\t\t<div class=\"elementor-divider\">\n\t\t\t<span class=\"elementor-divider-separator\">\n\t\t\t\t\t\t<\/span>\n\t\t<\/div>\n\t\t\t\t\t\t<\/div>\n\t\t\t\t<\/div>\n\t\t\t\t<\/div>\n\t\t\t\t\t<\/div>\n\t\t\t\t<\/div>\n\t\t<div class=\"elementor-element elementor-element-a387910 e-con-full e-flex e-con e-parent\" data-id=\"a387910\" data-element_type=\"container\" data-settings=\"{&quot;background_background&quot;:&quot;classic&quot;}\">\n\t\t\t\t<\/div>\n\t\t<div class=\"elementor-element elementor-element-6b3e1d8 e-flex e-con-boxed e-con e-parent\" data-id=\"6b3e1d8\" data-element_type=\"container\">\n\t\t\t\t\t<div class=\"e-con-inner\">\n\t\t\t\t\t<\/div>\n\t\t\t\t<\/div>\n\t\t<div class=\"elementor-element elementor-element-00ad36e e-flex e-con-boxed e-con e-parent\" data-id=\"00ad36e\" data-element_type=\"container\">\n\t\t\t\t\t<div class=\"e-con-inner\">\n\t\t<div class=\"elementor-element elementor-element-2579862 e-con-full e-flex e-con e-child\" data-id=\"2579862\" data-element_type=\"container\">\n\t\t<div class=\"elementor-element elementor-element-d7e0f1e e-con-full e-flex e-con e-child\" data-id=\"d7e0f1e\" data-element_type=\"container\">\n\t\t\t\t<div class=\"elementor-element elementor-element-f716280 elementor-widget elementor-widget-heading\" data-id=\"f716280\" data-element_type=\"widget\" data-widget_type=\"heading.default\">\n\t\t\t\t<div class=\"elementor-widget-container\">\n\t\t\t\t\t<h2 class=\"elementor-heading-title elementor-size-default\">Decoraci\u00f3n Rebelde<\/h2>\t\t\t\t<\/div>\n\t\t\t\t<\/div>\n\t\t\t\t<\/div>\n\t\t<div class=\"elementor-element elementor-element-f776d3a e-con-full e-flex e-con e-child\" data-id=\"f776d3a\" data-element_type=\"container\">\n\t\t\t\t<div class=\"elementor-element elementor-element-8549f70 elementor-widget elementor-widget-text-editor\" data-id=\"8549f70\" data-element_type=\"widget\" data-widget_type=\"text-editor.default\">\n\t\t\t\t<div class=\"elementor-widget-container\">\n\t\t\t\t\t\t\t\t\t<p data-pm-slice=\"1 1 []\">Adem\u00e1s, ha desarrollado una s\u00f3lida trayectoria en el dise\u00f1o gr\u00e1fico, trabajando en identidad visual, para diversos proyectos y empresas. Creando su propia Agencia Creativa llamada: Somos Rebeldes Sumado a su enfoque innovador, le permite ofrecer soluciones creativas y adaptadas a las necesidades de cada cliente.<\/p>\t\t\t\t\t\t\t\t<\/div>\n\t\t\t\t<\/div>\n\t\t\t\t<\/div>\n\t\t\t\t<\/div>\n\t\t<div class=\"elementor-element elementor-element-ec13133 e-con-full e-flex e-con e-child\" data-id=\"ec13133\" data-element_type=\"container\">\n\t\t<div class=\"elementor-element elementor-element-17ec91a e-con-full e-flex e-con e-child\" data-id=\"17ec91a\" data-element_type=\"container\">\n\t\t\t\t<div class=\"elementor-element elementor-element-c805d08 elementor-widget__width-initial elementor-widget elementor-widget-video\" data-id=\"c805d08\" data-element_type=\"widget\" data-settings=\"{&quot;video_type&quot;:&quot;hosted&quot;,&quot;controls&quot;:&quot;yes&quot;}\" data-widget_type=\"video.default\">\n\t\t\t\t<div class=\"elementor-widget-container\">\n\t\t\t\t\t\t\t<div class=\"e-hosted-video elementor-wrapper elementor-open-inline\">\n\t\t\t\t\t<video class=\"elementor-video\" src=\"https:\/\/store.laiamarita.com\/wp-content\/uploads\/2025\/03\/somosrebeldes.mp4\" controls=\"\" preload=\"metadata\" controlslist=\"nodownload\"><\/video>\n\t\t\t\t<\/div>\n\t\t\t\t\t\t<\/div>\n\t\t\t\t<\/div>\n\t\t\t\t<\/div>\n\t\t\t\t<\/div>\n\t\t\t\t\t<\/div>\n\t\t\t\t<\/div>\n\t\t<div class=\"elementor-element elementor-element-489955e e-flex e-con-boxed e-con e-parent\" data-id=\"489955e\" data-element_type=\"container\">\n\t\t\t\t\t<div class=\"e-con-inner\">\n\t\t<div class=\"elementor-element elementor-element-ed45ef0 e-con-full e-flex e-con e-child\" data-id=\"ed45ef0\" data-element_type=\"container\">\n\t\t\t\t<div class=\"elementor-element elementor-element-81ea3d7 elementor-widget-divider--view-line elementor-widget elementor-widget-divider\" data-id=\"81ea3d7\" data-element_type=\"widget\" data-widget_type=\"divider.default\">\n\t\t\t\t<div class=\"elementor-widget-container\">\n\t\t\t\t\t\t\t<div class=\"elementor-divider\">\n\t\t\t<span class=\"elementor-divider-separator\">\n\t\t\t\t\t\t<\/span>\n\t\t<\/div>\n\t\t\t\t\t\t<\/div>\n\t\t\t\t<\/div>\n\t\t\t\t<\/div>\n\t\t\t\t\t<\/div>\n\t\t\t\t<\/div>\n\t\t<div class=\"elementor-element elementor-element-524e7d4 e-flex e-con-boxed e-con e-parent\" data-id=\"524e7d4\" data-element_type=\"container\">\n\t\t\t\t\t<div class=\"e-con-inner\">\n\t\t<div class=\"elementor-element elementor-element-1fc0182 e-con-full e-flex e-con e-child\" data-id=\"1fc0182\" data-element_type=\"container\">\n\t\t\t\t<div class=\"elementor-element elementor-element-5e861a0 elementor-widget elementor-widget-text-editor\" data-id=\"5e861a0\" data-element_type=\"widget\" data-widget_type=\"text-editor.default\">\n\t\t\t\t<div class=\"elementor-widget-container\">\n\t\t\t\t\t\t\t\t\t<p>&lt;&lt; Cuando compras algo a un artista, est\u00e1s comprando mucho m\u00e1s que un objeto.\u00a0<span style=\"font-size: 1em;\">Est\u00e1s comprando cientos de horas de fracasos y experimentos.\u00a0<\/span><span style=\"font-size: 1em;\">Est\u00e1s comprando d\u00edas, semanas y a\u00f1os de frustraci\u00f3n y momentos de puro gozo.\u00a0<\/span><span style=\"font-size: 1em;\">No est\u00e1s comprando una cosa, est\u00e1s comprando un trozo de coraz\u00f3n, una parte del alma, un momento de la vida de otra persona &gt;&gt;.<\/span><\/p>\t\t\t\t\t\t\t\t<\/div>\n\t\t\t\t<\/div>\n\t\t\t\t<\/div>\n\t\t\t\t\t<\/div>\n\t\t\t\t<\/div>\n\t\t<div class=\"elementor-element elementor-element-5334077 e-con-full e-flex e-con e-parent\" data-id=\"5334077\" data-element_type=\"container\" data-settings=\"{&quot;background_background&quot;:&quot;classic&quot;}\">\n\t\t\t\t<\/div>\n\t\t\t\t<\/div>","protected":false},"excerpt":{"rendered":"<p>Meraki LAIA AM\u00c0RITA &lt;&lt; No coincibo vivir de otra forma que no sea impactar los corazones y las pupilas de las personas &gt;&gt;. https:\/\/store.laiamarita.com\/wp-content\/uploads\/2025\/03\/laiamarita-arte-urbano-pintura-creativa.mp4 Mi arte no entiende de l\u00edmites. Es audaz, rebelde y lleno de energ\u00eda. Para los que se atreven a romper con lo convencional, mi trabajo es mucho m\u00e1s que decoraci\u00f3n: es [&hellip;]<\/p>","protected":false},"author":1,"featured_media":0,"parent":0,"menu_order":0,"comment_status":"closed","ping_status":"closed","template":"elementor_header_footer","meta":{"_monsterinsights_skip_tracking":false,"_monsterinsights_sitenote_active":false,"_monsterinsights_sitenote_note":"","_monsterinsights_sitenote_category":0,"site-sidebar-layout":"default","site-content-layout":"","ast-site-content-layout":"default","site-content-style":"default","site-sidebar-style":"default","ast-global-header-display":"","ast-banner-title-visibility":"","ast-main-header-display":"","ast-hfb-above-header-display":"","ast-hfb-below-header-display":"","ast-hfb-mobile-header-display":"","site-post-title":"","ast-breadcrumbs-content":"","ast-featured-img":"","footer-sml-layout":"","theme-transparent-header-meta":"","adv-header-id-meta":"","stick-header-meta":"","header-above-stick-meta":"","header-main-stick-meta":"","header-below-stick-meta":"","astra-migrate-meta-layouts":"default","ast-page-background-enabled":"default","ast-page-background-meta":{"desktop":{"background-color":"var(--ast-global-color-4)","background-image":"","background-repeat":"repeat","background-position":"center center","background-size":"auto","background-attachment":"scroll","background-type":"","background-media":"","overlay-type":"","overlay-color":"","overlay-opacity":"","overlay-gradient":""},"tablet":{"background-color":"","background-image":"","background-repeat":"repeat","background-position":"center center","background-size":"auto","background-attachment":"scroll","background-type":"","background-media":"","overlay-type":"","overlay-color":"","overlay-opacity":"","overlay-gradient":""},"mobile":{"background-color":"","background-image":"","background-repeat":"repeat","background-position":"center center","background-size":"auto","background-attachment":"scroll","background-type":"","background-media":"","overlay-type":"","overlay-color":"","overlay-opacity":"","overlay-gradient":""}},"ast-content-background-meta":{"desktop":{"background-color":"var(--ast-global-color-5)","background-image":"","background-repeat":"repeat","background-position":"center center","background-size":"auto","background-attachment":"scroll","background-type":"","background-media":"","overlay-type":"","overlay-color":"","overlay-opacity":"","overlay-gradient":""},"tablet":{"background-color":"var(--ast-global-color-5)","background-image":"","background-repeat":"repeat","background-position":"center center","background-size":"auto","background-attachment":"scroll","background-type":"","background-media":"","overlay-type":"","overlay-color":"","overlay-opacity":"","overlay-gradient":""},"mobile":{"background-color":"var(--ast-global-color-5)","background-image":"","background-repeat":"repeat","background-position":"center center","background-size":"auto","background-attachment":"scroll","background-type":"","background-media":"","overlay-type":"","overlay-color":"","overlay-opacity":"","overlay-gradient":""}},"_joinchat":[],"footnotes":""},"class_list":["post-122","page","type-page","status-publish","hentry"],"aioseo_notices":[],"_links":{"self":[{"href":"https:\/\/store.laiamarita.com\/en\/wp-json\/wp\/v2\/pages\/122","targetHints":{"allow":["GET"]}}],"collection":[{"href":"https:\/\/store.laiamarita.com\/en\/wp-json\/wp\/v2\/pages"}],"about":[{"href":"https:\/\/store.laiamarita.com\/en\/wp-json\/wp\/v2\/types\/page"}],"author":[{"embeddable":true,"href":"https:\/\/store.laiamarita.com\/en\/wp-json\/wp\/v2\/users\/1"}],"replies":[{"embeddable":true,"href":"https:\/\/store.laiamarita.com\/en\/wp-json\/wp\/v2\/comments?post=122"}],"version-history":[{"count":184,"href":"https:\/\/store.laiamarita.com\/en\/wp-json\/wp\/v2\/pages\/122\/revisions"}],"predecessor-version":[{"id":3425,"href":"https:\/\/store.laiamarita.com\/en\/wp-json\/wp\/v2\/pages\/122\/revisions\/3425"}],"wp:attachment":[{"href":"https:\/\/store.laiamarita.com\/en\/wp-json\/wp\/v2\/media?parent=122"}],"curies":[{"name":"wp","href":"https:\/\/api.w.org\/{rel}","templated":true}]}}