{"id":128,"date":"2025-02-19T13:41:39","date_gmt":"2025-02-19T13:41:39","guid":{"rendered":"https:\/\/store.laiamarita.com\/?page_id=128"},"modified":"2025-02-25T13:30:23","modified_gmt":"2025-02-25T13:30:23","slug":"murales","status":"publish","type":"page","link":"https:\/\/store.laiamarita.com\/en\/murales\/","title":{"rendered":"Murales"},"content":{"rendered":"<div data-elementor-type=\"wp-page\" data-elementor-id=\"128\" class=\"elementor elementor-128\">\n\t\t\t\t<div class=\"elementor-element elementor-element-15016e1 e-flex e-con-boxed e-con e-parent\" data-id=\"15016e1\" data-element_type=\"container\" data-settings=\"{&quot;background_background&quot;:&quot;classic&quot;}\">\n\t\t\t\t\t<div class=\"e-con-inner\">\n\t\t\t\t<div class=\"elementor-element elementor-element-e089fd3 elementor-widget elementor-widget-heading\" data-id=\"e089fd3\" data-element_type=\"widget\" data-widget_type=\"heading.default\">\n\t\t\t\t<div class=\"elementor-widget-container\">\n\t\t\t\t\t<h2 class=\"elementor-heading-title elementor-size-default\">Murales<\/h2>\t\t\t\t<\/div>\n\t\t\t\t<\/div>\n\t\t\t\t<div class=\"elementor-element elementor-element-8e0f88f elementor-widget elementor-widget-heading\" data-id=\"8e0f88f\" data-element_type=\"widget\" data-widget_type=\"heading.default\">\n\t\t\t\t<div class=\"elementor-widget-container\">\n\t\t\t\t\t<h2 class=\"elementor-heading-title elementor-size-default\">creativa<\/h2>\t\t\t\t<\/div>\n\t\t\t\t<\/div>\n\t\t\t\t<div class=\"elementor-element elementor-element-f1b61b3 elementor-widget elementor-widget-button\" data-id=\"f1b61b3\" data-element_type=\"widget\" data-widget_type=\"button.default\">\n\t\t\t\t<div class=\"elementor-widget-container\">\n\t\t\t\t\t\t\t\t\t<div class=\"elementor-button-wrapper\">\n\t\t\t\t\t<a class=\"elementor-button elementor-button-link elementor-size-sm\" href=\"#\">\n\t\t\t\t\t\t<span class=\"elementor-button-content-wrapper\">\n\t\t\t\t\t\t\t\t\t<span class=\"elementor-button-text\">Contacto<\/span>\n\t\t\t\t\t<\/span>\n\t\t\t\t\t<\/a>\n\t\t\t\t<\/div>\n\t\t\t\t\t\t\t\t<\/div>\n\t\t\t\t<\/div>\n\t\t\t\t\t<\/div>\n\t\t\t\t<\/div>\n\t\t<div class=\"elementor-element elementor-element-7efc703 e-flex e-con-boxed e-con e-parent\" data-id=\"7efc703\" data-element_type=\"container\">\n\t\t\t\t\t<div class=\"e-con-inner\">\n\t\t<div class=\"elementor-element elementor-element-195e3c5 e-con-full e-flex e-con e-child\" data-id=\"195e3c5\" data-element_type=\"container\">\n\t\t<div class=\"elementor-element elementor-element-d3d3c56 e-con-full e-flex e-con e-child\" data-id=\"d3d3c56\" data-element_type=\"container\" data-settings=\"{&quot;background_background&quot;:&quot;classic&quot;}\">\n\t\t\t\t<div class=\"elementor-element elementor-element-b5f428f elementor-widget elementor-widget-heading\" data-id=\"b5f428f\" data-element_type=\"widget\" data-widget_type=\"heading.default\">\n\t\t\t\t<div class=\"elementor-widget-container\">\n\t\t\t\t\t<h2 class=\"elementor-heading-title elementor-size-default\">ARTE URBANO<\/h2>\t\t\t\t<\/div>\n\t\t\t\t<\/div>\n\t\t\t\t<div class=\"elementor-element elementor-element-98c57ff elementor-widget elementor-widget-text-editor\" data-id=\"98c57ff\" data-element_type=\"widget\" data-widget_type=\"text-editor.default\">\n\t\t\t\t<div class=\"elementor-widget-container\">\n\t\t\t\t\t\t\t\t\t<p>Ahora todo ha crecido de forma grande y veloz. Mis ilustraciones ya se plasman en paredes enormes. Nos dedicamos a pintar murales en Instituciones y Empresas privadas seg\u00fan sus necesidades.<\/p>\t\t\t\t\t\t\t\t<\/div>\n\t\t\t\t<\/div>\n\t\t\t\t<div class=\"elementor-element elementor-element-4a81d4c elementor-widget elementor-widget-heading\" data-id=\"4a81d4c\" data-element_type=\"widget\" data-widget_type=\"heading.default\">\n\t\t\t\t<div class=\"elementor-widget-container\">\n\t\t\t\t\t<h2 class=\"elementor-heading-title elementor-size-default\">\u00c1lbumes Ilustrados | Editoriales | Proyectos Personales | Dise\u00f1o de\npersonajes <\/h2>\t\t\t\t<\/div>\n\t\t\t\t<\/div>\n\t\t\t\t<\/div>\n\t\t\t\t<\/div>\n\t\t<div class=\"elementor-element elementor-element-c0e30c2 e-con-full e-flex e-con e-child\" data-id=\"c0e30c2\" data-element_type=\"container\">\n\t\t\t\t<div class=\"elementor-element elementor-element-7c7c1de elementor-widget elementor-widget-image\" data-id=\"7c7c1de\" data-element_type=\"widget\" data-widget_type=\"image.default\">\n\t\t\t\t<div class=\"elementor-widget-container\">\n\t\t\t\t\t\t\t\t\t\t\t\t\t\t\t<img fetchpriority=\"high\" decoding=\"async\" width=\"680\" height=\"617\" src=\"https:\/\/store.laiamarita.com\/wp-content\/uploads\/2025\/02\/laia-amarita-arte-mural-profesional-arte-urbano-abstracto-pintura-ilustracion-infantil-barcelona-1.jpg\" class=\"attachment-large size-large wp-image-218\" alt=\"\" srcset=\"https:\/\/store.laiamarita.com\/wp-content\/uploads\/2025\/02\/laia-amarita-arte-mural-profesional-arte-urbano-abstracto-pintura-ilustracion-infantil-barcelona-1.jpg 680w, https:\/\/store.laiamarita.com\/wp-content\/uploads\/2025\/02\/laia-amarita-arte-mural-profesional-arte-urbano-abstracto-pintura-ilustracion-infantil-barcelona-1-300x272.jpg 300w, https:\/\/store.laiamarita.com\/wp-content\/uploads\/2025\/02\/laia-amarita-arte-mural-profesional-arte-urbano-abstracto-pintura-ilustracion-infantil-barcelona-1-600x544.jpg 600w\" sizes=\"(max-width: 680px) 100vw, 680px\" \/>\t\t\t\t\t\t\t\t\t\t\t\t\t\t\t<\/div>\n\t\t\t\t<\/div>\n\t\t\t\t<\/div>\n\t\t\t\t\t<\/div>\n\t\t\t\t<\/div>\n\t\t<div class=\"elementor-element elementor-element-a9e9368 e-flex e-con-boxed e-con e-parent\" data-id=\"a9e9368\" data-element_type=\"container\" data-settings=\"{&quot;background_background&quot;:&quot;classic&quot;}\">\n\t\t\t\t\t<div class=\"e-con-inner\">\n\t\t\t\t<div class=\"elementor-element elementor-element-502e9b2 elementor-widget elementor-widget-heading\" data-id=\"502e9b2\" data-element_type=\"widget\" data-widget_type=\"heading.default\">\n\t\t\t\t<div class=\"elementor-widget-container\">\n\t\t\t\t\t<h2 class=\"elementor-heading-title elementor-size-default\">Arte Mural<\/h2>\t\t\t\t<\/div>\n\t\t\t\t<\/div>\n\t\t\t\t<div class=\"elementor-element elementor-element-b990910 elementor-widget elementor-widget-heading\" data-id=\"b990910\" data-element_type=\"widget\" data-widget_type=\"heading.default\">\n\t\t\t\t<div class=\"elementor-widget-container\">\n\t\t\t\t\t<h2 class=\"elementor-heading-title elementor-size-default\">creativa<\/h2>\t\t\t\t<\/div>\n\t\t\t\t<\/div>\n\t\t\t\t\t<\/div>\n\t\t\t\t<\/div>\n\t\t<div class=\"elementor-element elementor-element-ccd3795 e-flex e-con-boxed e-con e-parent\" data-id=\"ccd3795\" data-element_type=\"container\">\n\t\t\t\t\t<div class=\"e-con-inner\">\n\t\t<div class=\"elementor-element elementor-element-5e96561 e-con-full e-flex e-con e-child\" data-id=\"5e96561\" data-element_type=\"container\">\n\t\t<div class=\"elementor-element elementor-element-42e9d9a e-con-full e-flex e-con e-child\" data-id=\"42e9d9a\" data-element_type=\"container\" data-settings=\"{&quot;background_background&quot;:&quot;classic&quot;}\">\n\t\t\t\t<div class=\"elementor-element elementor-element-0ff8922 elementor-widget elementor-widget-heading\" data-id=\"0ff8922\" data-element_type=\"widget\" data-widget_type=\"heading.default\">\n\t\t\t\t<div class=\"elementor-widget-container\">\n\t\t\t\t\t<h2 class=\"elementor-heading-title elementor-size-default\">ARTE MURAL<\/h2>\t\t\t\t<\/div>\n\t\t\t\t<\/div>\n\t\t\t\t<div class=\"elementor-element elementor-element-7dad106 elementor-widget elementor-widget-text-editor\" data-id=\"7dad106\" data-element_type=\"widget\" data-widget_type=\"text-editor.default\">\n\t\t\t\t<div class=\"elementor-widget-container\">\n\t\t\t\t\t\t\t\t\t<p>Empezaron a nacer peque\u00f1os murales particulares en casas y pisos hasta llegar a proyectos m\u00e1s ambiciosos. Y a\u00fan seguimos personalizando la decoraci\u00f3n que necesites.<\/p>\t\t\t\t\t\t\t\t<\/div>\n\t\t\t\t<\/div>\n\t\t\t\t<div class=\"elementor-element elementor-element-dc90eb5 elementor-widget elementor-widget-heading\" data-id=\"dc90eb5\" data-element_type=\"widget\" data-widget_type=\"heading.default\">\n\t\t\t\t<div class=\"elementor-widget-container\">\n\t\t\t\t\t<h2 class=\"elementor-heading-title elementor-size-default\">\u00c1lbumes Ilustrados | Editoriales | Proyectos Personales | Dise\u00f1o de\npersonajes <\/h2>\t\t\t\t<\/div>\n\t\t\t\t<\/div>\n\t\t\t\t<\/div>\n\t\t\t\t<\/div>\n\t\t<div class=\"elementor-element elementor-element-df077ef e-con-full e-flex e-con e-child\" data-id=\"df077ef\" data-element_type=\"container\">\n\t\t\t\t<div class=\"elementor-element elementor-element-dfaba9b elementor-widget elementor-widget-image\" data-id=\"dfaba9b\" data-element_type=\"widget\" data-widget_type=\"image.default\">\n\t\t\t\t<div class=\"elementor-widget-container\">\n\t\t\t\t\t\t\t\t\t\t\t\t\t\t\t<img decoding=\"async\" width=\"680\" height=\"617\" src=\"https:\/\/store.laiamarita.com\/wp-content\/uploads\/2025\/02\/laia-amarita-arte-mural-personalizado-particular-casa-infantil-ilustracion-pintura-barcelona.jpg\" class=\"attachment-large size-large wp-image-229\" alt=\"\" srcset=\"https:\/\/store.laiamarita.com\/wp-content\/uploads\/2025\/02\/laia-amarita-arte-mural-personalizado-particular-casa-infantil-ilustracion-pintura-barcelona.jpg 680w, https:\/\/store.laiamarita.com\/wp-content\/uploads\/2025\/02\/laia-amarita-arte-mural-personalizado-particular-casa-infantil-ilustracion-pintura-barcelona-300x272.jpg 300w, https:\/\/store.laiamarita.com\/wp-content\/uploads\/2025\/02\/laia-amarita-arte-mural-personalizado-particular-casa-infantil-ilustracion-pintura-barcelona-600x544.jpg 600w\" sizes=\"(max-width: 680px) 100vw, 680px\" \/>\t\t\t\t\t\t\t\t\t\t\t\t\t\t\t<\/div>\n\t\t\t\t<\/div>\n\t\t\t\t<\/div>\n\t\t\t\t\t<\/div>\n\t\t\t\t<\/div>\n\t\t<div class=\"elementor-element elementor-element-68c9fd0 e-flex e-con-boxed e-con e-parent\" data-id=\"68c9fd0\" data-element_type=\"container\" data-settings=\"{&quot;background_background&quot;:&quot;classic&quot;}\">\n\t\t\t\t\t<div class=\"e-con-inner\">\n\t\t\t\t<div class=\"elementor-element elementor-element-61145ae elementor-widget elementor-widget-heading\" data-id=\"61145ae\" data-element_type=\"widget\" data-widget_type=\"heading.default\">\n\t\t\t\t<div class=\"elementor-widget-container\">\n\t\t\t\t\t<h2 class=\"elementor-heading-title elementor-size-default\">Arte Mural<\/h2>\t\t\t\t<\/div>\n\t\t\t\t<\/div>\n\t\t\t\t<div class=\"elementor-element elementor-element-2166065 elementor-widget elementor-widget-heading\" data-id=\"2166065\" data-element_type=\"widget\" data-widget_type=\"heading.default\">\n\t\t\t\t<div class=\"elementor-widget-container\">\n\t\t\t\t\t<h2 class=\"elementor-heading-title elementor-size-default\">creativa<\/h2>\t\t\t\t<\/div>\n\t\t\t\t<\/div>\n\t\t\t\t\t<\/div>\n\t\t\t\t<\/div>\n\t\t<div class=\"elementor-element elementor-element-7563c0d e-flex e-con-boxed e-con e-parent\" data-id=\"7563c0d\" data-element_type=\"container\">\n\t\t\t\t\t<div class=\"e-con-inner\">\n\t\t<div class=\"elementor-element elementor-element-406f62b e-con-full e-flex e-con e-child\" data-id=\"406f62b\" data-element_type=\"container\">\n\t\t<div class=\"elementor-element elementor-element-90fa794 e-con-full e-flex e-con e-child\" data-id=\"90fa794\" data-element_type=\"container\" data-settings=\"{&quot;background_background&quot;:&quot;classic&quot;}\">\n\t\t\t\t<div class=\"elementor-element elementor-element-b5649ec elementor-widget elementor-widget-heading\" data-id=\"b5649ec\" data-element_type=\"widget\" data-widget_type=\"heading.default\">\n\t\t\t\t<div class=\"elementor-widget-container\">\n\t\t\t\t\t<h2 class=\"elementor-heading-title elementor-size-default\">FORMACI\u00d3N PINTURA<\/h2>\t\t\t\t<\/div>\n\t\t\t\t<\/div>\n\t\t\t\t<div class=\"elementor-element elementor-element-4a56d2d elementor-widget elementor-widget-text-editor\" data-id=\"4a56d2d\" data-element_type=\"widget\" data-widget_type=\"text-editor.default\">\n\t\t\t\t<div class=\"elementor-widget-container\">\n\t\t\t\t\t\t\t\t\t<p><strong>El dicho del \u201cboca a boca\u201d se sigue cumpliendo en el siglo XXI.<\/strong><\/p><p>En las Escuelas, Centros Culturales y los Ayuntamientos nos llaman para realizar formaciones de pintura mural tanto a nivel infantil, adolescentes o adultos.<\/p>\t\t\t\t\t\t\t\t<\/div>\n\t\t\t\t<\/div>\n\t\t\t\t<div class=\"elementor-element elementor-element-eb0a36c elementor-widget elementor-widget-heading\" data-id=\"eb0a36c\" data-element_type=\"widget\" data-widget_type=\"heading.default\">\n\t\t\t\t<div class=\"elementor-widget-container\">\n\t\t\t\t\t<h2 class=\"elementor-heading-title elementor-size-default\">\u00c1lbumes Ilustrados | Editoriales | Proyectos Personales | Dise\u00f1o de\npersonajes <\/h2>\t\t\t\t<\/div>\n\t\t\t\t<\/div>\n\t\t\t\t<\/div>\n\t\t\t\t<\/div>\n\t\t<div class=\"elementor-element elementor-element-8377ab7 e-con-full e-flex e-con e-child\" data-id=\"8377ab7\" data-element_type=\"container\">\n\t\t\t\t<div class=\"elementor-element elementor-element-7ffb082 elementor-widget elementor-widget-image\" data-id=\"7ffb082\" data-element_type=\"widget\" data-widget_type=\"image.default\">\n\t\t\t\t<div class=\"elementor-widget-container\">\n\t\t\t\t\t\t\t\t\t\t\t\t\t\t\t<img decoding=\"async\" width=\"680\" height=\"617\" src=\"https:\/\/store.laiamarita.com\/wp-content\/uploads\/2025\/02\/laia-amarita-arte-mural-formacion-escuelas-instituciones-centros-culturales-ayuntamientos-infantil-adolescentes-adultos-artista-barcelona.jpg\" class=\"attachment-large size-large wp-image-237\" alt=\"\" srcset=\"https:\/\/store.laiamarita.com\/wp-content\/uploads\/2025\/02\/laia-amarita-arte-mural-formacion-escuelas-instituciones-centros-culturales-ayuntamientos-infantil-adolescentes-adultos-artista-barcelona.jpg 680w, https:\/\/store.laiamarita.com\/wp-content\/uploads\/2025\/02\/laia-amarita-arte-mural-formacion-escuelas-instituciones-centros-culturales-ayuntamientos-infantil-adolescentes-adultos-artista-barcelona-300x272.jpg 300w, https:\/\/store.laiamarita.com\/wp-content\/uploads\/2025\/02\/laia-amarita-arte-mural-formacion-escuelas-instituciones-centros-culturales-ayuntamientos-infantil-adolescentes-adultos-artista-barcelona-600x544.jpg 600w\" sizes=\"(max-width: 680px) 100vw, 680px\" \/>\t\t\t\t\t\t\t\t\t\t\t\t\t\t\t<\/div>\n\t\t\t\t<\/div>\n\t\t\t\t<\/div>\n\t\t\t\t\t<\/div>\n\t\t\t\t<\/div>\n\t\t\t\t<\/div>","protected":false},"excerpt":{"rendered":"<p>Murales creativa Contacto ARTE URBANO Ahora todo ha crecido de forma grande y veloz. Mis ilustraciones ya se plasman en paredes enormes. Nos dedicamos a pintar murales en Instituciones y Empresas privadas seg\u00fan sus necesidades. \u00c1lbumes Ilustrados | Editoriales | Proyectos Personales | Dise\u00f1o de personajes Arte Mural creativa ARTE MURAL Empezaron a nacer peque\u00f1os [&hellip;]<\/p>","protected":false},"author":1,"featured_media":0,"parent":0,"menu_order":0,"comment_status":"closed","ping_status":"closed","template":"elementor_header_footer","meta":{"_monsterinsights_skip_tracking":false,"_monsterinsights_sitenote_active":false,"_monsterinsights_sitenote_note":"","_monsterinsights_sitenote_category":0,"site-sidebar-layout":"default","site-content-layout":"","ast-site-content-layout":"default","site-content-style":"default","site-sidebar-style":"default","ast-global-header-display":"","ast-banner-title-visibility":"","ast-main-header-display":"","ast-hfb-above-header-display":"","ast-hfb-below-header-display":"","ast-hfb-mobile-header-display":"","site-post-title":"","ast-breadcrumbs-content":"","ast-featured-img":"","footer-sml-layout":"","theme-transparent-header-meta":"","adv-header-id-meta":"","stick-header-meta":"","header-above-stick-meta":"","header-main-stick-meta":"","header-below-stick-meta":"","astra-migrate-meta-layouts":"default","ast-page-background-enabled":"default","ast-page-background-meta":{"desktop":{"background-color":"var(--ast-global-color-4)","background-image":"","background-repeat":"repeat","background-position":"center center","background-size":"auto","background-attachment":"scroll","background-type":"","background-media":"","overlay-type":"","overlay-color":"","overlay-opacity":"","overlay-gradient":""},"tablet":{"background-color":"","background-image":"","background-repeat":"repeat","background-position":"center center","background-size":"auto","background-attachment":"scroll","background-type":"","background-media":"","overlay-type":"","overlay-color":"","overlay-opacity":"","overlay-gradient":""},"mobile":{"background-color":"","background-image":"","background-repeat":"repeat","background-position":"center center","background-size":"auto","background-attachment":"scroll","background-type":"","background-media":"","overlay-type":"","overlay-color":"","overlay-opacity":"","overlay-gradient":""}},"ast-content-background-meta":{"desktop":{"background-color":"var(--ast-global-color-5)","background-image":"","background-repeat":"repeat","background-position":"center center","background-size":"auto","background-attachment":"scroll","background-type":"","background-media":"","overlay-type":"","overlay-color":"","overlay-opacity":"","overlay-gradient":""},"tablet":{"background-color":"var(--ast-global-color-5)","background-image":"","background-repeat":"repeat","background-position":"center center","background-size":"auto","background-attachment":"scroll","background-type":"","background-media":"","overlay-type":"","overlay-color":"","overlay-opacity":"","overlay-gradient":""},"mobile":{"background-color":"var(--ast-global-color-5)","background-image":"","background-repeat":"repeat","background-position":"center center","background-size":"auto","background-attachment":"scroll","background-type":"","background-media":"","overlay-type":"","overlay-color":"","overlay-opacity":"","overlay-gradient":""}},"_joinchat":[],"footnotes":""},"class_list":["post-128","page","type-page","status-publish","hentry"],"aioseo_notices":[],"_links":{"self":[{"href":"https:\/\/store.laiamarita.com\/en\/wp-json\/wp\/v2\/pages\/128","targetHints":{"allow":["GET"]}}],"collection":[{"href":"https:\/\/store.laiamarita.com\/en\/wp-json\/wp\/v2\/pages"}],"about":[{"href":"https:\/\/store.laiamarita.com\/en\/wp-json\/wp\/v2\/types\/page"}],"author":[{"embeddable":true,"href":"https:\/\/store.laiamarita.com\/en\/wp-json\/wp\/v2\/users\/1"}],"replies":[{"embeddable":true,"href":"https:\/\/store.laiamarita.com\/en\/wp-json\/wp\/v2\/comments?post=128"}],"version-history":[{"count":22,"href":"https:\/\/store.laiamarita.com\/en\/wp-json\/wp\/v2\/pages\/128\/revisions"}],"predecessor-version":[{"id":240,"href":"https:\/\/store.laiamarita.com\/en\/wp-json\/wp\/v2\/pages\/128\/revisions\/240"}],"wp:attachment":[{"href":"https:\/\/store.laiamarita.com\/en\/wp-json\/wp\/v2\/media?parent=128"}],"curies":[{"name":"wp","href":"https:\/\/api.w.org\/{rel}","templated":true}]}}