{"id":241,"date":"2025-02-25T13:32:49","date_gmt":"2025-02-25T13:32:49","guid":{"rendered":"https:\/\/store.laiamarita.com\/?page_id=241"},"modified":"2025-02-25T13:34:36","modified_gmt":"2025-02-25T13:34:36","slug":"obras","status":"publish","type":"page","link":"https:\/\/store.laiamarita.com\/en\/obras\/","title":{"rendered":"Obras"},"content":{"rendered":"<div data-elementor-type=\"wp-page\" data-elementor-id=\"241\" class=\"elementor elementor-241\">\n\t\t\t\t<div class=\"elementor-element elementor-element-ff3968a e-flex e-con-boxed e-con e-parent\" data-id=\"ff3968a\" data-element_type=\"container\" data-settings=\"{&quot;background_background&quot;:&quot;classic&quot;}\">\n\t\t\t\t\t<div class=\"e-con-inner\">\n\t\t\t\t<div class=\"elementor-element elementor-element-ed49a81 elementor-widget elementor-widget-heading\" data-id=\"ed49a81\" data-element_type=\"widget\" data-widget_type=\"heading.default\">\n\t\t\t\t<div class=\"elementor-widget-container\">\n\t\t\t\t\t<h2 class=\"elementor-heading-title elementor-size-default\">Obras<\/h2>\t\t\t\t<\/div>\n\t\t\t\t<\/div>\n\t\t\t\t<div class=\"elementor-element elementor-element-f203d92 elementor-widget elementor-widget-heading\" data-id=\"f203d92\" data-element_type=\"widget\" data-widget_type=\"heading.default\">\n\t\t\t\t<div class=\"elementor-widget-container\">\n\t\t\t\t\t<h2 class=\"elementor-heading-title elementor-size-default\">creativa<\/h2>\t\t\t\t<\/div>\n\t\t\t\t<\/div>\n\t\t\t\t<div class=\"elementor-element elementor-element-3f550e4 elementor-widget elementor-widget-button\" data-id=\"3f550e4\" data-element_type=\"widget\" data-widget_type=\"button.default\">\n\t\t\t\t<div class=\"elementor-widget-container\">\n\t\t\t\t\t\t\t\t\t<div class=\"elementor-button-wrapper\">\n\t\t\t\t\t<a class=\"elementor-button elementor-button-link elementor-size-sm\" href=\"#\">\n\t\t\t\t\t\t<span class=\"elementor-button-content-wrapper\">\n\t\t\t\t\t\t\t\t\t<span class=\"elementor-button-text\">Contacto<\/span>\n\t\t\t\t\t<\/span>\n\t\t\t\t\t<\/a>\n\t\t\t\t<\/div>\n\t\t\t\t\t\t\t\t<\/div>\n\t\t\t\t<\/div>\n\t\t\t\t\t<\/div>\n\t\t\t\t<\/div>\n\t\t<div class=\"elementor-element elementor-element-67e0f51 e-flex e-con-boxed e-con e-parent\" data-id=\"67e0f51\" data-element_type=\"container\">\n\t\t\t\t\t<div class=\"e-con-inner\">\n\t\t<div class=\"elementor-element elementor-element-7c47caf e-con-full e-flex e-con e-child\" data-id=\"7c47caf\" data-element_type=\"container\">\n\t\t<div class=\"elementor-element elementor-element-5a3d1c8 e-con-full e-flex e-con e-child\" data-id=\"5a3d1c8\" data-element_type=\"container\" data-settings=\"{&quot;background_background&quot;:&quot;classic&quot;}\">\n\t\t\t\t<div class=\"elementor-element elementor-element-79a4c8b elementor-widget elementor-widget-heading\" data-id=\"79a4c8b\" data-element_type=\"widget\" data-widget_type=\"heading.default\">\n\t\t\t\t<div class=\"elementor-widget-container\">\n\t\t\t\t\t<h2 class=\"elementor-heading-title elementor-size-default\">ILUSTRACI\u00d3N<\/h2>\t\t\t\t<\/div>\n\t\t\t\t<\/div>\n\t\t\t\t<div class=\"elementor-element elementor-element-3827843 elementor-widget elementor-widget-text-editor\" data-id=\"3827843\" data-element_type=\"widget\" data-widget_type=\"text-editor.default\">\n\t\t\t\t<div class=\"elementor-widget-container\">\n\t\t\t\t\t\t\t\t\t<p>En la vida tienes que tomar decisiones, te guste o no. Pues bien, la ilustraci\u00f3n fue un camino que se me cruz\u00f3 sin que yo tuviera pensado pisarlo. Fruto del azar o del destino, han nacido libros como Cosas que nadie sabe que han creado misterio entre las personas m\u00e1s curiosas.<\/p>\t\t\t\t\t\t\t\t<\/div>\n\t\t\t\t<\/div>\n\t\t\t\t<div class=\"elementor-element elementor-element-5fe1dba elementor-widget elementor-widget-heading\" data-id=\"5fe1dba\" data-element_type=\"widget\" data-widget_type=\"heading.default\">\n\t\t\t\t<div class=\"elementor-widget-container\">\n\t\t\t\t\t<h2 class=\"elementor-heading-title elementor-size-default\">\u00c1lbumes Ilustrados | Editoriales | Proyectos Personales | Dise\u00f1o de\npersonajes <\/h2>\t\t\t\t<\/div>\n\t\t\t\t<\/div>\n\t\t\t\t<\/div>\n\t\t\t\t<\/div>\n\t\t<div class=\"elementor-element elementor-element-000a50f e-con-full e-flex e-con e-child\" data-id=\"000a50f\" data-element_type=\"container\">\n\t\t\t\t<div class=\"elementor-element elementor-element-d58b984 elementor-widget elementor-widget-image\" data-id=\"d58b984\" data-element_type=\"widget\" data-widget_type=\"image.default\">\n\t\t\t\t<div class=\"elementor-widget-container\">\n\t\t\t\t\t\t\t\t\t\t\t\t\t\t\t<img fetchpriority=\"high\" decoding=\"async\" width=\"680\" height=\"617\" src=\"https:\/\/store.laiamarita.com\/wp-content\/uploads\/2025\/02\/laia-amarita-diseno-ilustracion-barcelona.png\" class=\"attachment-large size-large wp-image-201\" alt=\"\" srcset=\"https:\/\/store.laiamarita.com\/wp-content\/uploads\/2025\/02\/laia-amarita-diseno-ilustracion-barcelona.png 680w, https:\/\/store.laiamarita.com\/wp-content\/uploads\/2025\/02\/laia-amarita-diseno-ilustracion-barcelona-300x272.png 300w, https:\/\/store.laiamarita.com\/wp-content\/uploads\/2025\/02\/laia-amarita-diseno-ilustracion-barcelona-600x544.png 600w\" sizes=\"(max-width: 680px) 100vw, 680px\" \/>\t\t\t\t\t\t\t\t\t\t\t\t\t\t\t<\/div>\n\t\t\t\t<\/div>\n\t\t\t\t<\/div>\n\t\t\t\t\t<\/div>\n\t\t\t\t<\/div>\n\t\t<div class=\"elementor-element elementor-element-2c0bc9b e-flex e-con-boxed e-con e-parent\" data-id=\"2c0bc9b\" data-element_type=\"container\">\n\t\t\t\t\t<div class=\"e-con-inner\">\n\t\t<div class=\"elementor-element elementor-element-9dddc82 e-con-full e-flex e-con e-child\" data-id=\"9dddc82\" data-element_type=\"container\">\n\t\t<div class=\"elementor-element elementor-element-0383256 e-con-full e-flex e-con e-child\" data-id=\"0383256\" data-element_type=\"container\" data-settings=\"{&quot;background_background&quot;:&quot;classic&quot;}\">\n\t\t\t\t<div class=\"elementor-element elementor-element-3873f54 elementor-widget elementor-widget-heading\" data-id=\"3873f54\" data-element_type=\"widget\" data-widget_type=\"heading.default\">\n\t\t\t\t<div class=\"elementor-widget-container\">\n\t\t\t\t\t<h2 class=\"elementor-heading-title elementor-size-default\">EXPOSICIONES<\/h2>\t\t\t\t<\/div>\n\t\t\t\t<\/div>\n\t\t\t\t<div class=\"elementor-element elementor-element-dcb22fc elementor-widget elementor-widget-text-editor\" data-id=\"dcb22fc\" data-element_type=\"widget\" data-widget_type=\"text-editor.default\">\n\t\t\t\t<div class=\"elementor-widget-container\">\n\t\t\t\t\t\t\t\t\t<p>Pero el formato peque\u00f1o, se me qued\u00f3 peque\u00f1\u00edn. Y quise m\u00e1s.<\/p><p>Empec\u00e9 a buscar sitios para exponer, as\u00ed ten\u00eda la excusa de pintar cuadros m\u00e1s grandes que llegaron a implantarse en las habitaciones de los peque\u00f1os de la casa y de los grandes tambi\u00e9n.<\/p><p>\u00a0<\/p>\t\t\t\t\t\t\t\t<\/div>\n\t\t\t\t<\/div>\n\t\t\t\t<div class=\"elementor-element elementor-element-4ab96d5 elementor-widget elementor-widget-heading\" data-id=\"4ab96d5\" data-element_type=\"widget\" data-widget_type=\"heading.default\">\n\t\t\t\t<div class=\"elementor-widget-container\">\n\t\t\t\t\t<h2 class=\"elementor-heading-title elementor-size-default\">\u00c1lbumes Ilustrados | Editoriales | Proyectos Personales | Dise\u00f1o de\npersonajes <\/h2>\t\t\t\t<\/div>\n\t\t\t\t<\/div>\n\t\t\t\t<\/div>\n\t\t\t\t<\/div>\n\t\t<div class=\"elementor-element elementor-element-e65d62e e-con-full e-flex e-con e-child\" data-id=\"e65d62e\" data-element_type=\"container\">\n\t\t\t\t<div class=\"elementor-element elementor-element-f3d026b elementor-widget elementor-widget-image\" data-id=\"f3d026b\" data-element_type=\"widget\" data-widget_type=\"image.default\">\n\t\t\t\t<div class=\"elementor-widget-container\">\n\t\t\t\t\t\t\t\t\t\t\t\t\t\t\t<img decoding=\"async\" width=\"680\" height=\"617\" src=\"https:\/\/store.laiamarita.com\/wp-content\/uploads\/2025\/02\/alicia-keys-cantante-exposicion-feminismo-mujeres-arte-figurativo-arte-realista-pintora-ilustradora-marca-personal-laia-amarita-barcelona-1.jpg\" class=\"attachment-large size-large wp-image-205\" alt=\"\" srcset=\"https:\/\/store.laiamarita.com\/wp-content\/uploads\/2025\/02\/alicia-keys-cantante-exposicion-feminismo-mujeres-arte-figurativo-arte-realista-pintora-ilustradora-marca-personal-laia-amarita-barcelona-1.jpg 680w, https:\/\/store.laiamarita.com\/wp-content\/uploads\/2025\/02\/alicia-keys-cantante-exposicion-feminismo-mujeres-arte-figurativo-arte-realista-pintora-ilustradora-marca-personal-laia-amarita-barcelona-1-300x272.jpg 300w, https:\/\/store.laiamarita.com\/wp-content\/uploads\/2025\/02\/alicia-keys-cantante-exposicion-feminismo-mujeres-arte-figurativo-arte-realista-pintora-ilustradora-marca-personal-laia-amarita-barcelona-1-600x544.jpg 600w\" sizes=\"(max-width: 680px) 100vw, 680px\" \/>\t\t\t\t\t\t\t\t\t\t\t\t\t\t\t<\/div>\n\t\t\t\t<\/div>\n\t\t\t\t<\/div>\n\t\t\t\t\t<\/div>\n\t\t\t\t<\/div>\n\t\t<div class=\"elementor-element elementor-element-ab119db e-flex e-con-boxed e-con e-parent\" data-id=\"ab119db\" data-element_type=\"container\">\n\t\t\t\t\t<div class=\"e-con-inner\">\n\t\t<div class=\"elementor-element elementor-element-9c21b7c e-con-full e-flex e-con e-child\" data-id=\"9c21b7c\" data-element_type=\"container\">\n\t\t<div class=\"elementor-element elementor-element-3fbb5e1 e-con-full e-flex e-con e-child\" data-id=\"3fbb5e1\" data-element_type=\"container\" data-settings=\"{&quot;background_background&quot;:&quot;classic&quot;}\">\n\t\t\t\t<div class=\"elementor-element elementor-element-5d3fe3f elementor-widget elementor-widget-heading\" data-id=\"5d3fe3f\" data-element_type=\"widget\" data-widget_type=\"heading.default\">\n\t\t\t\t<div class=\"elementor-widget-container\">\n\t\t\t\t\t<h2 class=\"elementor-heading-title elementor-size-default\">ESTAMPACI\u00d3N<\/h2>\t\t\t\t<\/div>\n\t\t\t\t<\/div>\n\t\t\t\t<div class=\"elementor-element elementor-element-34e7eaa elementor-widget elementor-widget-text-editor\" data-id=\"34e7eaa\" data-element_type=\"widget\" data-widget_type=\"text-editor.default\">\n\t\t\t\t<div class=\"elementor-widget-container\">\n\t\t\t\t\t\t\t\t\t<p>\u00bfQu\u00e9 pasaba con las personas qu\u00e9 les encantaban mis ilustraciones pero no pod\u00edan tener un mural en sus paredes ni un cuadro grande ni un libro a su medida?<br \/>Era demasiado. Y pens\u00e9 alternativas.<br \/>Entonces nace la estampaci\u00f3n y el grabado.<\/p><p>La necesidad de que mis ilustraciones sean a tu medida, para que las lleves encima en tus viajes o permanezcan en tu sitio favorito. Ya da igual el formato, sino la satisfacci\u00f3n de poder elegir, el c\u00f3mo, cuando y el qu\u00e9.<\/p><p><strong>Y aqu\u00ed estoy yo, para satisfacer con arte, tu coraz\u00f3n y tu pupila.<\/strong><\/p>\t\t\t\t\t\t\t\t<\/div>\n\t\t\t\t<\/div>\n\t\t\t\t<div class=\"elementor-element elementor-element-f104113 elementor-widget elementor-widget-heading\" data-id=\"f104113\" data-element_type=\"widget\" data-widget_type=\"heading.default\">\n\t\t\t\t<div class=\"elementor-widget-container\">\n\t\t\t\t\t<h2 class=\"elementor-heading-title elementor-size-default\">\u00c1lbumes Ilustrados | Editoriales | Proyectos Personales | Dise\u00f1o de\npersonajes <\/h2>\t\t\t\t<\/div>\n\t\t\t\t<\/div>\n\t\t\t\t<\/div>\n\t\t\t\t<\/div>\n\t\t<div class=\"elementor-element elementor-element-2aa685d e-con-full e-flex e-con e-child\" data-id=\"2aa685d\" data-element_type=\"container\">\n\t\t\t\t<div class=\"elementor-element elementor-element-876794b elementor-widget elementor-widget-image\" data-id=\"876794b\" data-element_type=\"widget\" data-widget_type=\"image.default\">\n\t\t\t\t<div class=\"elementor-widget-container\">\n\t\t\t\t\t\t\t\t\t\t\t\t\t\t\t<img decoding=\"async\" width=\"680\" height=\"617\" src=\"https:\/\/store.laiamarita.com\/wp-content\/uploads\/2025\/02\/estampacion-laia-amarita-ilustradora-disenadora-barcelona.png\" class=\"attachment-large size-large wp-image-206\" alt=\"\" srcset=\"https:\/\/store.laiamarita.com\/wp-content\/uploads\/2025\/02\/estampacion-laia-amarita-ilustradora-disenadora-barcelona.png 680w, https:\/\/store.laiamarita.com\/wp-content\/uploads\/2025\/02\/estampacion-laia-amarita-ilustradora-disenadora-barcelona-300x272.png 300w, https:\/\/store.laiamarita.com\/wp-content\/uploads\/2025\/02\/estampacion-laia-amarita-ilustradora-disenadora-barcelona-600x544.png 600w\" sizes=\"(max-width: 680px) 100vw, 680px\" \/>\t\t\t\t\t\t\t\t\t\t\t\t\t\t\t<\/div>\n\t\t\t\t<\/div>\n\t\t\t\t<\/div>\n\t\t\t\t\t<\/div>\n\t\t\t\t<\/div>\n\t\t<div class=\"elementor-element elementor-element-ae5381f e-flex e-con-boxed e-con e-parent\" data-id=\"ae5381f\" data-element_type=\"container\">\n\t\t\t\t\t<div class=\"e-con-inner\">\n\t\t\t\t<div class=\"elementor-element elementor-element-6cb3096 gallery-spacing-custom elementor-widget elementor-widget-image-gallery\" data-id=\"6cb3096\" data-element_type=\"widget\" data-widget_type=\"image-gallery.default\">\n\t\t\t\t<div class=\"elementor-widget-container\">\n\t\t\t\t\t\t\t<div class=\"elementor-image-gallery\">\n\t\t\t<div id='gallery-1' class='gallery galleryid-241 gallery-columns-4 gallery-size-medium'><figure class='gallery-item'>\n\t\t\t<div class='gallery-icon landscape'>\n\t\t\t\t<a data-elementor-open-lightbox=\"yes\" data-elementor-lightbox-slideshow=\"6cb3096\" data-elementor-lightbox-title=\"a\" data-e-action-hash=\"#elementor-action%3Aaction%3Dlightbox%26settings%3DeyJpZCI6OTUsInVybCI6Imh0dHBzOlwvXC9zdG9yZS5sYWlhbWFyaXRhLmNvbVwvd3AtY29udGVudFwvdXBsb2Fkc1wvMjAyNVwvMDJcL2EtMS5qcGciLCJzbGlkZXNob3ciOiI2Y2IzMDk2In0%3D\" href='https:\/\/store.laiamarita.com\/wp-content\/uploads\/2025\/02\/a-1.jpg'><img loading=\"lazy\" decoding=\"async\" width=\"300\" height=\"168\" src=\"https:\/\/store.laiamarita.com\/wp-content\/uploads\/2025\/02\/a-1-300x168.jpg\" class=\"attachment-medium size-medium\" alt=\"\" srcset=\"https:\/\/store.laiamarita.com\/wp-content\/uploads\/2025\/02\/a-1-300x168.jpg 300w, https:\/\/store.laiamarita.com\/wp-content\/uploads\/2025\/02\/a-1-1024x575.jpg 1024w, https:\/\/store.laiamarita.com\/wp-content\/uploads\/2025\/02\/a-1-768x431.jpg 768w, https:\/\/store.laiamarita.com\/wp-content\/uploads\/2025\/02\/a-1-1536x862.jpg 1536w, https:\/\/store.laiamarita.com\/wp-content\/uploads\/2025\/02\/a-1-600x337.jpg 600w, https:\/\/store.laiamarita.com\/wp-content\/uploads\/2025\/02\/a-1.jpg 1600w\" sizes=\"(max-width: 300px) 100vw, 300px\" \/><\/a>\n\t\t\t<\/div><\/figure><figure class='gallery-item'>\n\t\t\t<div class='gallery-icon landscape'>\n\t\t\t\t<a data-elementor-open-lightbox=\"yes\" data-elementor-lightbox-slideshow=\"6cb3096\" data-elementor-lightbox-title=\"f\" data-e-action-hash=\"#elementor-action%3Aaction%3Dlightbox%26settings%3DeyJpZCI6OTEsInVybCI6Imh0dHBzOlwvXC9zdG9yZS5sYWlhbWFyaXRhLmNvbVwvd3AtY29udGVudFwvdXBsb2Fkc1wvMjAyNVwvMDJcL2YuanBnIiwic2xpZGVzaG93IjoiNmNiMzA5NiJ9\" href='https:\/\/store.laiamarita.com\/wp-content\/uploads\/2025\/02\/f.jpg'><img loading=\"lazy\" decoding=\"async\" width=\"300\" height=\"168\" src=\"https:\/\/store.laiamarita.com\/wp-content\/uploads\/2025\/02\/f-300x168.jpg\" class=\"attachment-medium size-medium\" alt=\"\" srcset=\"https:\/\/store.laiamarita.com\/wp-content\/uploads\/2025\/02\/f-300x168.jpg 300w, https:\/\/store.laiamarita.com\/wp-content\/uploads\/2025\/02\/f-1024x575.jpg 1024w, https:\/\/store.laiamarita.com\/wp-content\/uploads\/2025\/02\/f-768x431.jpg 768w, https:\/\/store.laiamarita.com\/wp-content\/uploads\/2025\/02\/f-1536x862.jpg 1536w, https:\/\/store.laiamarita.com\/wp-content\/uploads\/2025\/02\/f-600x337.jpg 600w, https:\/\/store.laiamarita.com\/wp-content\/uploads\/2025\/02\/f.jpg 1600w\" sizes=\"(max-width: 300px) 100vw, 300px\" \/><\/a>\n\t\t\t<\/div><\/figure><figure class='gallery-item'>\n\t\t\t<div class='gallery-icon landscape'>\n\t\t\t\t<a data-elementor-open-lightbox=\"yes\" data-elementor-lightbox-slideshow=\"6cb3096\" data-elementor-lightbox-title=\"g\" data-e-action-hash=\"#elementor-action%3Aaction%3Dlightbox%26settings%3DeyJpZCI6OTAsInVybCI6Imh0dHBzOlwvXC9zdG9yZS5sYWlhbWFyaXRhLmNvbVwvd3AtY29udGVudFwvdXBsb2Fkc1wvMjAyNVwvMDJcL2ctMS5qcGciLCJzbGlkZXNob3ciOiI2Y2IzMDk2In0%3D\" href='https:\/\/store.laiamarita.com\/wp-content\/uploads\/2025\/02\/g-1.jpg'><img loading=\"lazy\" decoding=\"async\" width=\"300\" height=\"168\" src=\"https:\/\/store.laiamarita.com\/wp-content\/uploads\/2025\/02\/g-1-300x168.jpg\" class=\"attachment-medium size-medium\" alt=\"\" srcset=\"https:\/\/store.laiamarita.com\/wp-content\/uploads\/2025\/02\/g-1-300x168.jpg 300w, https:\/\/store.laiamarita.com\/wp-content\/uploads\/2025\/02\/g-1-1024x575.jpg 1024w, https:\/\/store.laiamarita.com\/wp-content\/uploads\/2025\/02\/g-1-768x431.jpg 768w, https:\/\/store.laiamarita.com\/wp-content\/uploads\/2025\/02\/g-1-1536x862.jpg 1536w, https:\/\/store.laiamarita.com\/wp-content\/uploads\/2025\/02\/g-1-600x337.jpg 600w, https:\/\/store.laiamarita.com\/wp-content\/uploads\/2025\/02\/g-1.jpg 1600w\" sizes=\"(max-width: 300px) 100vw, 300px\" \/><\/a>\n\t\t\t<\/div><\/figure><figure class='gallery-item'>\n\t\t\t<div class='gallery-icon landscape'>\n\t\t\t\t<a data-elementor-open-lightbox=\"yes\" data-elementor-lightbox-slideshow=\"6cb3096\" data-elementor-lightbox-title=\"PHOTO-2025-02-19-09-18-22\" data-e-action-hash=\"#elementor-action%3Aaction%3Dlightbox%26settings%3DeyJpZCI6ODYsInVybCI6Imh0dHBzOlwvXC9zdG9yZS5sYWlhbWFyaXRhLmNvbVwvd3AtY29udGVudFwvdXBsb2Fkc1wvMjAyNVwvMDJcL1BIT1RPLTIwMjUtMDItMTktMDktMTgtMjIuanBnIiwic2xpZGVzaG93IjoiNmNiMzA5NiJ9\" href='https:\/\/store.laiamarita.com\/wp-content\/uploads\/2025\/02\/PHOTO-2025-02-19-09-18-22.jpg'><img loading=\"lazy\" decoding=\"async\" width=\"300\" height=\"155\" src=\"https:\/\/store.laiamarita.com\/wp-content\/uploads\/2025\/02\/PHOTO-2025-02-19-09-18-22-300x155.jpg\" class=\"attachment-medium size-medium\" alt=\"\" srcset=\"https:\/\/store.laiamarita.com\/wp-content\/uploads\/2025\/02\/PHOTO-2025-02-19-09-18-22-300x155.jpg 300w, https:\/\/store.laiamarita.com\/wp-content\/uploads\/2025\/02\/PHOTO-2025-02-19-09-18-22-768x396.jpg 768w, https:\/\/store.laiamarita.com\/wp-content\/uploads\/2025\/02\/PHOTO-2025-02-19-09-18-22-600x310.jpg 600w, https:\/\/store.laiamarita.com\/wp-content\/uploads\/2025\/02\/PHOTO-2025-02-19-09-18-22.jpg 1000w\" sizes=\"(max-width: 300px) 100vw, 300px\" \/><\/a>\n\t\t\t<\/div><\/figure>\n\t\t<\/div>\n\t\t<\/div>\n\t\t\t\t\t\t<\/div>\n\t\t\t\t<\/div>\n\t\t\t\t\t<\/div>\n\t\t\t\t<\/div>\n\t\t\t\t<\/div>","protected":false},"excerpt":{"rendered":"<p>Obras creativa Contacto ILUSTRACI\u00d3N En la vida tienes que tomar decisiones, te guste o no. Pues bien, la ilustraci\u00f3n fue un camino que se me cruz\u00f3 sin que yo tuviera pensado pisarlo. Fruto del azar o del destino, han nacido libros como Cosas que nadie sabe que han creado misterio entre las personas m\u00e1s curiosas. [&hellip;]<\/p>","protected":false},"author":1,"featured_media":0,"parent":0,"menu_order":0,"comment_status":"closed","ping_status":"closed","template":"elementor_header_footer","meta":{"_monsterinsights_skip_tracking":false,"_monsterinsights_sitenote_active":false,"_monsterinsights_sitenote_note":"","_monsterinsights_sitenote_category":0,"site-sidebar-layout":"default","site-content-layout":"","ast-site-content-layout":"default","site-content-style":"default","site-sidebar-style":"default","ast-global-header-display":"","ast-banner-title-visibility":"","ast-main-header-display":"","ast-hfb-above-header-display":"","ast-hfb-below-header-display":"","ast-hfb-mobile-header-display":"","site-post-title":"","ast-breadcrumbs-content":"","ast-featured-img":"","footer-sml-layout":"","theme-transparent-header-meta":"","adv-header-id-meta":"","stick-header-meta":"","header-above-stick-meta":"","header-main-stick-meta":"","header-below-stick-meta":"","astra-migrate-meta-layouts":"default","ast-page-background-enabled":"default","ast-page-background-meta":{"desktop":{"background-color":"var(--ast-global-color-4)","background-image":"","background-repeat":"repeat","background-position":"center center","background-size":"auto","background-attachment":"scroll","background-type":"","background-media":"","overlay-type":"","overlay-color":"","overlay-opacity":"","overlay-gradient":""},"tablet":{"background-color":"","background-image":"","background-repeat":"repeat","background-position":"center center","background-size":"auto","background-attachment":"scroll","background-type":"","background-media":"","overlay-type":"","overlay-color":"","overlay-opacity":"","overlay-gradient":""},"mobile":{"background-color":"","background-image":"","background-repeat":"repeat","background-position":"center center","background-size":"auto","background-attachment":"scroll","background-type":"","background-media":"","overlay-type":"","overlay-color":"","overlay-opacity":"","overlay-gradient":""}},"ast-content-background-meta":{"desktop":{"background-color":"var(--ast-global-color-5)","background-image":"","background-repeat":"repeat","background-position":"center center","background-size":"auto","background-attachment":"scroll","background-type":"","background-media":"","overlay-type":"","overlay-color":"","overlay-opacity":"","overlay-gradient":""},"tablet":{"background-color":"var(--ast-global-color-5)","background-image":"","background-repeat":"repeat","background-position":"center center","background-size":"auto","background-attachment":"scroll","background-type":"","background-media":"","overlay-type":"","overlay-color":"","overlay-opacity":"","overlay-gradient":""},"mobile":{"background-color":"var(--ast-global-color-5)","background-image":"","background-repeat":"repeat","background-position":"center center","background-size":"auto","background-attachment":"scroll","background-type":"","background-media":"","overlay-type":"","overlay-color":"","overlay-opacity":"","overlay-gradient":""}},"_joinchat":[],"footnotes":""},"class_list":["post-241","page","type-page","status-publish","hentry"],"aioseo_notices":[],"_links":{"self":[{"href":"https:\/\/store.laiamarita.com\/en\/wp-json\/wp\/v2\/pages\/241","targetHints":{"allow":["GET"]}}],"collection":[{"href":"https:\/\/store.laiamarita.com\/en\/wp-json\/wp\/v2\/pages"}],"about":[{"href":"https:\/\/store.laiamarita.com\/en\/wp-json\/wp\/v2\/types\/page"}],"author":[{"embeddable":true,"href":"https:\/\/store.laiamarita.com\/en\/wp-json\/wp\/v2\/users\/1"}],"replies":[{"embeddable":true,"href":"https:\/\/store.laiamarita.com\/en\/wp-json\/wp\/v2\/comments?post=241"}],"version-history":[{"count":4,"href":"https:\/\/store.laiamarita.com\/en\/wp-json\/wp\/v2\/pages\/241\/revisions"}],"predecessor-version":[{"id":247,"href":"https:\/\/store.laiamarita.com\/en\/wp-json\/wp\/v2\/pages\/241\/revisions\/247"}],"wp:attachment":[{"href":"https:\/\/store.laiamarita.com\/en\/wp-json\/wp\/v2\/media?parent=241"}],"curies":[{"name":"wp","href":"https:\/\/api.w.org\/{rel}","templated":true}]}}