{"id":134,"date":"2025-02-19T13:42:33","date_gmt":"2025-02-19T13:42:33","guid":{"rendered":"https:\/\/store.laiamarita.com\/?page_id=134"},"modified":"2025-08-27T22:59:08","modified_gmt":"2025-08-27T22:59:08","slug":"contacto-2","status":"publish","type":"page","link":"https:\/\/store.laiamarita.com\/es_es\/contacto-2\/","title":{"rendered":"Contacto"},"content":{"rendered":"\t\t<div data-elementor-type=\"wp-page\" data-elementor-id=\"134\" class=\"elementor elementor-134\">\n\t\t\t\t<div class=\"elementor-element elementor-element-8314bf8 e-flex e-con-boxed e-con e-parent\" data-id=\"8314bf8\" data-element_type=\"container\">\n\t\t\t\t\t<div class=\"e-con-inner\">\n\t\t<div class=\"elementor-element elementor-element-405a434 e-con-full e-flex e-con e-child\" data-id=\"405a434\" data-element_type=\"container\">\n\t\t\t\t<div class=\"elementor-element elementor-element-7e18e93 elementor-widget elementor-widget-image\" data-id=\"7e18e93\" data-element_type=\"widget\" data-widget_type=\"image.default\">\n\t\t\t\t<div class=\"elementor-widget-container\">\n\t\t\t\t\t\t\t\t\t\t\t\t\t\t\t<img decoding=\"async\" src=\"https:\/\/store.laiamarita.com\/wp-content\/uploads\/2025\/02\/c.jpg\" title=\"c\" alt=\"c\" loading=\"lazy\" \/>\t\t\t\t\t\t\t\t\t\t\t\t\t\t\t<\/div>\n\t\t\t\t<\/div>\n\t\t\t\t<\/div>\n\t\t\t\t\t<\/div>\n\t\t\t\t<\/div>\n\t\t<div class=\"elementor-element elementor-element-02874b2 e-flex e-con-boxed e-con e-parent\" data-id=\"02874b2\" data-element_type=\"container\">\n\t\t\t\t\t<div class=\"e-con-inner\">\n\t\t<div class=\"elementor-element elementor-element-52677b7 e-con-full e-flex e-con e-child\" data-id=\"52677b7\" data-element_type=\"container\">\n\t\t\t\t<div class=\"elementor-element elementor-element-21422c0 elementor-widget elementor-widget-heading\" data-id=\"21422c0\" data-element_type=\"widget\" data-widget_type=\"heading.default\">\n\t\t\t\t<div class=\"elementor-widget-container\">\n\t\t\t\t\t<h2 class=\"elementor-heading-title elementor-size-default\">Cu\u00e9ntame tu idea. \nJuntos podemos convertirla en arte.<\/h2>\t\t\t\t<\/div>\n\t\t\t\t<\/div>\n\t\t\t\t<\/div>\n\t\t\t\t\t<\/div>\n\t\t\t\t<\/div>\n\t\t<div class=\"elementor-element elementor-element-f612115 e-flex e-con-boxed e-con e-parent\" data-id=\"f612115\" data-element_type=\"container\">\n\t\t\t\t\t<div class=\"e-con-inner\">\n\t\t<div class=\"elementor-element elementor-element-ab2940e e-con-full e-flex e-con e-child\" data-id=\"ab2940e\" data-element_type=\"container\">\n\t\t\t\t<div class=\"elementor-element elementor-element-cbe515c elementor-widget elementor-widget-text-editor\" data-id=\"cbe515c\" data-element_type=\"widget\" data-widget_type=\"text-editor.default\">\n\t\t\t\t<div class=\"elementor-widget-container\">\n\t\t\t\t\t\t\t\t\t<p>Cada espacio tiene una historia que merece ser vivida en color. Este formulario me permite entender lo que buscas y ofrecerte una respuesta real, con sensibilidad art\u00edstica y visi\u00f3n profesional. \u00bfTe animas?<\/p>\t\t\t\t\t\t\t\t<\/div>\n\t\t\t\t<\/div>\n\t\t\t\t<\/div>\n\t\t\t\t\t<\/div>\n\t\t\t\t<\/div>\n\t\t<div class=\"elementor-element elementor-element-2f9c25c e-flex e-con-boxed e-con e-parent\" data-id=\"2f9c25c\" data-element_type=\"container\">\n\t\t\t\t\t<div class=\"e-con-inner\">\n\t\t\t\t<div class=\"elementor-element elementor-element-541fff5 elementor-widget elementor-widget-wpforms\" data-id=\"541fff5\" data-element_type=\"widget\" data-widget_type=\"wpforms.default\">\n\t\t\t\t<div class=\"elementor-widget-container\">\n\t\t\t\t\t<div class=\"wpforms-container \" id=\"wpforms-3069\"><form id=\"wpforms-form-3069\" class=\"wpforms-validate wpforms-form wpforms-ajax-form\" data-formid=\"3069\" method=\"post\" enctype=\"multipart\/form-data\" action=\"\/es_es\/wp-json\/wp\/v2\/pages\/134\" data-token=\"17cfa51b5a99c7cabcdf16de1d36324c\" data-token-time=\"1775888697\"><noscript class=\"wpforms-error-noscript\">Por favor, activa JavaScript en tu navegador para completar este formulario.<\/noscript><div class=\"wpforms-field-container\"><div id=\"wpforms-3069-field_3-container\" class=\"wpforms-field wpforms-field-name\" data-field-id=\"3\"><label class=\"wpforms-field-label\">Nombre <span class=\"wpforms-required-label\">*<\/span><\/label><div class=\"wpforms-field-row wpforms-field-medium\"><div class=\"wpforms-field-row-block wpforms-first wpforms-one-half\"><input type=\"text\" id=\"wpforms-3069-field_3\" class=\"wpforms-field-name-first wpforms-field-required\" name=\"wpforms[fields][3][first]\" required><label for=\"wpforms-3069-field_3\" class=\"wpforms-field-sublabel after\">Nombre<\/label><\/div><div class=\"wpforms-field-row-block wpforms-one-half\"><input type=\"text\" id=\"wpforms-3069-field_3-last\" class=\"wpforms-field-name-last wpforms-field-required\" name=\"wpforms[fields][3][last]\" required><label for=\"wpforms-3069-field_3-last\" class=\"wpforms-field-sublabel after\">Apellidos<\/label><\/div><\/div><\/div><div id=\"wpforms-3069-field_4-container\" class=\"wpforms-field wpforms-field-email\" data-field-id=\"4\"><label class=\"wpforms-field-label\" for=\"wpforms-3069-field_4\">Correo electr\u00f3nico <span class=\"wpforms-required-label\">*<\/span><\/label><input type=\"email\" id=\"wpforms-3069-field_4\" class=\"wpforms-field-medium wpforms-field-required\" name=\"wpforms[fields][4]\" spellcheck=\"false\" required><\/div><div id=\"wpforms-3069-field_5-container\" class=\"wpforms-field wpforms-field-select wpforms-field-select-style-classic\" data-field-id=\"5\"><label class=\"wpforms-field-label\" for=\"wpforms-3069-field_5\">\u00bfQu\u00e9 tipo de espacio quieres transformar?<\/label><select id=\"wpforms-3069-field_5\" class=\"wpforms-field-medium\" name=\"wpforms[fields][5]\"><option value=\"Negocio o local comercial.\" >Negocio o local comercial.<\/option><option value=\"Espacios urbanos (somos gestores culturales, ayuntamientos o entidades p\u00fablicas).\" >Espacios urbanos (somos gestores culturales, ayuntamientos o entidades p\u00fablicas).<\/option><option value=\"Hogar particular.\" >Hogar particular.<\/option><option value=\"Un lienzo.\" >Un lienzo.<\/option><option value=\"Otra locura.\" >Otra locura.<\/option><\/select><\/div><div id=\"wpforms-3069-field_6-container\" class=\"wpforms-field wpforms-field-select wpforms-field-select-style-classic\" data-field-id=\"6\"><label class=\"wpforms-field-label\" for=\"wpforms-3069-field_6\">\u00bfQu\u00e9 te gustar\u00eda conseguir con esta obra?<\/label><select id=\"wpforms-3069-field_6\" class=\"wpforms-field-medium\" name=\"wpforms[fields][6]\"><option value=\"Un cambio visual potente.\" >Un cambio visual potente.<\/option><option value=\"Un ambiente m\u00e1s personal y con alma.\" >Un ambiente m\u00e1s personal y con alma.<\/option><option value=\"Sorprender o emocionar a quienes lo vean.\" >Sorprender o emocionar a quienes lo vean.<\/option><option value=\"Transmitir los valores de mi marca o negocio.\" >Transmitir los valores de mi marca o negocio.<\/option><option value=\"Es secreto de sumario..\" >Es secreto de sumario..<\/option><\/select><\/div><div id=\"wpforms-3069-field_19-container\" class=\"wpforms-field wpforms-field-select wpforms-field-select-style-classic\" data-field-id=\"19\"><label class=\"wpforms-field-label\" for=\"wpforms-3069-field_19\">\u00bfQu\u00e9 estilo o sensaci\u00f3n te gustar\u00eda que transmitiera la obra? <span class=\"wpforms-required-label\">*<\/span><\/label><select id=\"wpforms-3069-field_19\" class=\"wpforms-field-medium wpforms-field-required\" name=\"wpforms[fields][19]\" required=\"required\"><option value=\"\" class=\"placeholder\" disabled  selected='selected'>-- Selecciona la opci\u00f3n --<\/option><option value=\"Rebelde, vibrante y con mensaje.\" >Rebelde, vibrante y con mensaje.<\/option><option value=\"Elegante, c\u00e1lido y sensible.\" >Elegante, c\u00e1lido y sensible.<\/option><option value=\"Decorativo, sencillo y funcional.\" >Decorativo, sencillo y funcional.<\/option><option value=\"Otra tem\u00e1tica:\" >Otra tem\u00e1tica:<\/option><\/select><div class=\"wpforms-field-description\">Es clave para entender qu\u00e9 necesitas o tienes en mente.<\/div><\/div><div id=\"wpforms-3069-field_24-container\" class=\"wpforms-field wpforms-field-textarea\" data-field-id=\"24\"><label class=\"wpforms-field-label\" for=\"wpforms-3069-field_24\">Escribe tu idea <\/label><textarea id=\"wpforms-3069-field_24\" class=\"wpforms-field-medium\" name=\"wpforms[fields][24]\" ><\/textarea><\/div><div id=\"wpforms-3069-field_29-container\" class=\"wpforms-field wpforms-field-textarea\" data-field-id=\"29\"><label class=\"wpforms-field-label\" for=\"wpforms-3069-field_29\">\u00bfQu\u00e9 dimensiones tiene el espacio?  <span class=\"wpforms-required-label\">*<\/span><\/label><textarea id=\"wpforms-3069-field_29\" class=\"wpforms-field-medium wpforms-field-required\" name=\"wpforms[fields][29]\" required><\/textarea><div class=\"wpforms-field-description\">Escribe medidas de ancho x alto en metros por favor.\n<\/div><\/div>\t\t<div id=\"wpforms-3069-field_1-container\"\n\t\t\tclass=\"wpforms-field wpforms-field-text\"\n\t\t\tdata-field-type=\"text\"\n\t\t\tdata-field-id=\"1\"\n\t\t\t>\n\t\t\t<label class=\"wpforms-field-label\" for=\"wpforms-3069-field_1\" >obra? la tiene<\/label>\n\t\t\t<input type=\"text\" id=\"wpforms-3069-field_1\" class=\"wpforms-field-medium\" name=\"wpforms[fields][1]\" >\n\t\t<\/div>\n\t\t<div id=\"wpforms-3069-field_30-container\" class=\"wpforms-field wpforms-field-text\" data-field-id=\"30\"><label class=\"wpforms-field-label\" for=\"wpforms-3069-field_30\">\u00bfD\u00f3nde se encuentra el espacio? <span class=\"wpforms-required-label\">*<\/span><\/label><input type=\"text\" id=\"wpforms-3069-field_30\" class=\"wpforms-field-medium wpforms-field-required\" name=\"wpforms[fields][30]\" required><\/div><div id=\"wpforms-3069-field_31-container\" class=\"wpforms-field wpforms-field-checkbox\" data-field-id=\"31\"><label class=\"wpforms-field-label\">\u00bfTienes alguna fecha ideal para tener la obra terminada? <span class=\"wpforms-required-label\">*<\/span><\/label><ul id=\"wpforms-3069-field_31\" class=\"wpforms-field-required\"><li class=\"choice-3 depth-1\"><input type=\"checkbox\" id=\"wpforms-3069-field_31_3\" name=\"wpforms[fields][31][]\" value=\"No tengo prisa \/ cuando haya disponibilidad.\" required ><label class=\"wpforms-field-label-inline\" for=\"wpforms-3069-field_31_3\">No tengo prisa \/ cuando haya disponibilidad.<\/label><\/li><li class=\"choice-2 depth-1\"><input type=\"checkbox\" id=\"wpforms-3069-field_31_2\" name=\"wpforms[fields][31][]\" value=\"En el pr\u00f3ximo mes.\" required ><label class=\"wpforms-field-label-inline\" for=\"wpforms-3069-field_31_2\">En el pr\u00f3ximo mes.<\/label><\/li><li class=\"choice-1 depth-1\"><input type=\"checkbox\" id=\"wpforms-3069-field_31_1\" name=\"wpforms[fields][31][]\" value=\"Lo antes posible.\" required ><label class=\"wpforms-field-label-inline\" for=\"wpforms-3069-field_31_1\">Lo antes posible.<\/label><\/li><\/ul><\/div><div id=\"wpforms-3069-field_32-container\" class=\"wpforms-field wpforms-field-textarea\" data-field-id=\"32\"><label class=\"wpforms-field-label\" for=\"wpforms-3069-field_32\">\u00bfQuieres contarme algo m\u00e1s sobre tu idea, tu historia o tu espacio?<\/label><textarea id=\"wpforms-3069-field_32\" class=\"wpforms-field-medium\" name=\"wpforms[fields][32]\" ><\/textarea><div class=\"wpforms-field-description\">Intente ser lo m\u00e1s concreto y breve posible por favor.<\/div><\/div><script>\n\t\t\t\t( function() {\n\t\t\t\t\tconst style = document.createElement( 'style' );\n\t\t\t\t\tstyle.appendChild( document.createTextNode( '#wpforms-3069-field_1-container { position: absolute !important; overflow: hidden !important; display: inline !important; height: 1px !important; width: 1px !important; z-index: -1000 !important; padding: 0 !important; } #wpforms-3069-field_1-container input { visibility: hidden; } #wpforms-conversational-form-page #wpforms-3069-field_1-container label { counter-increment: none; }' ) );\n\t\t\t\t\tdocument.head.appendChild( style );\n\t\t\t\t\tdocument.currentScript?.remove();\n\t\t\t\t} )();\n\t\t\t<\/script><\/div><!-- .wpforms-field-container --><div class=\"wpforms-submit-container\" ><input type=\"hidden\" name=\"wpforms[id]\" value=\"3069\"><input type=\"hidden\" name=\"page_title\" value=\"\"><input type=\"hidden\" name=\"page_url\" value=\"https:\/\/store.laiamarita.com\/es_es\/wp-json\/wp\/v2\/pages\/134\"><input type=\"hidden\" name=\"url_referer\" value=\"\"><button type=\"submit\" name=\"wpforms[submit]\" id=\"wpforms-submit-3069\" class=\"wpforms-submit\" data-alt-text=\"Enviando...\" data-submit-text=\"Enviar\" aria-live=\"assertive\" value=\"wpforms-submit\">Enviar<\/button><img decoding=\"async\" src=\"https:\/\/store.laiamarita.com\/wp-content\/plugins\/wpforms-lite\/assets\/images\/submit-spin.svg\" class=\"wpforms-submit-spinner\" style=\"display: none;\" width=\"26\" height=\"26\" alt=\"Cargando\"><\/div><\/form><\/div>  <!-- .wpforms-container -->\t\t\t\t<\/div>\n\t\t\t\t<\/div>\n\t\t\t\t\t<\/div>\n\t\t\t\t<\/div>\n\t\t\t\t<\/div>\n\t\t","protected":false},"excerpt":{"rendered":"<p>Cu\u00e9ntame tu idea. Juntos podemos convertirla en arte. Cada espacio tiene una historia que merece ser vivida en color. Este formulario me permite entender lo que buscas y ofrecerte una respuesta real, con sensibilidad art\u00edstica y visi\u00f3n profesional. \u00bfTe animas? Por favor, activa JavaScript en tu navegador para completar este formulario.Nombre *NombreApellidosCorreo electr\u00f3nico *\u00bfQu\u00e9 tipo [&hellip;]<\/p>\n","protected":false},"author":1,"featured_media":0,"parent":0,"menu_order":0,"comment_status":"closed","ping_status":"closed","template":"elementor_header_footer","meta":{"_monsterinsights_skip_tracking":false,"_monsterinsights_sitenote_active":false,"_monsterinsights_sitenote_note":"","_monsterinsights_sitenote_category":0,"site-sidebar-layout":"no-sidebar","site-content-layout":"page-builder","ast-site-content-layout":"full-width-container","site-content-style":"unboxed","site-sidebar-style":"unboxed","ast-global-header-display":"","ast-banner-title-visibility":"","ast-main-header-display":"","ast-hfb-above-header-display":"","ast-hfb-below-header-display":"","ast-hfb-mobile-header-display":"","site-post-title":"disabled","ast-breadcrumbs-content":"","ast-featured-img":"disabled","footer-sml-layout":"","theme-transparent-header-meta":"","adv-header-id-meta":"","stick-header-meta":"","header-above-stick-meta":"","header-main-stick-meta":"","header-below-stick-meta":"","astra-migrate-meta-layouts":"set","ast-page-background-enabled":"default","ast-page-background-meta":{"desktop":{"background-color":"var(--ast-global-color-4)","background-image":"","background-repeat":"repeat","background-position":"center center","background-size":"auto","background-attachment":"scroll","background-type":"","background-media":"","overlay-type":"","overlay-color":"","overlay-opacity":"","overlay-gradient":""},"tablet":{"background-color":"","background-image":"","background-repeat":"repeat","background-position":"center center","background-size":"auto","background-attachment":"scroll","background-type":"","background-media":"","overlay-type":"","overlay-color":"","overlay-opacity":"","overlay-gradient":""},"mobile":{"background-color":"","background-image":"","background-repeat":"repeat","background-position":"center center","background-size":"auto","background-attachment":"scroll","background-type":"","background-media":"","overlay-type":"","overlay-color":"","overlay-opacity":"","overlay-gradient":""}},"ast-content-background-meta":{"desktop":{"background-color":"var(--ast-global-color-5)","background-image":"","background-repeat":"repeat","background-position":"center center","background-size":"auto","background-attachment":"scroll","background-type":"","background-media":"","overlay-type":"","overlay-color":"","overlay-opacity":"","overlay-gradient":""},"tablet":{"background-color":"var(--ast-global-color-5)","background-image":"","background-repeat":"repeat","background-position":"center center","background-size":"auto","background-attachment":"scroll","background-type":"","background-media":"","overlay-type":"","overlay-color":"","overlay-opacity":"","overlay-gradient":""},"mobile":{"background-color":"var(--ast-global-color-5)","background-image":"","background-repeat":"repeat","background-position":"center center","background-size":"auto","background-attachment":"scroll","background-type":"","background-media":"","overlay-type":"","overlay-color":"","overlay-opacity":"","overlay-gradient":""}},"_joinchat":[],"footnotes":""},"class_list":["post-134","page","type-page","status-publish","hentry"],"aioseo_notices":[],"_links":{"self":[{"href":"https:\/\/store.laiamarita.com\/es_es\/wp-json\/wp\/v2\/pages\/134","targetHints":{"allow":["GET"]}}],"collection":[{"href":"https:\/\/store.laiamarita.com\/es_es\/wp-json\/wp\/v2\/pages"}],"about":[{"href":"https:\/\/store.laiamarita.com\/es_es\/wp-json\/wp\/v2\/types\/page"}],"author":[{"embeddable":true,"href":"https:\/\/store.laiamarita.com\/es_es\/wp-json\/wp\/v2\/users\/1"}],"replies":[{"embeddable":true,"href":"https:\/\/store.laiamarita.com\/es_es\/wp-json\/wp\/v2\/comments?post=134"}],"version-history":[{"count":23,"href":"https:\/\/store.laiamarita.com\/es_es\/wp-json\/wp\/v2\/pages\/134\/revisions"}],"predecessor-version":[{"id":3732,"href":"https:\/\/store.laiamarita.com\/es_es\/wp-json\/wp\/v2\/pages\/134\/revisions\/3732"}],"wp:attachment":[{"href":"https:\/\/store.laiamarita.com\/es_es\/wp-json\/wp\/v2\/media?parent=134"}],"curies":[{"name":"wp","href":"https:\/\/api.w.org\/{rel}","templated":true}]}}