{"id":3776,"date":"2025-08-28T17:55:10","date_gmt":"2025-08-28T17:55:10","guid":{"rendered":"https:\/\/store.laiamarita.com\/?page_id=3776"},"modified":"2025-08-28T23:05:47","modified_gmt":"2025-08-28T23:05:47","slug":"tienda-2","status":"publish","type":"page","link":"https:\/\/store.laiamarita.com\/es_es\/tienda-2\/","title":{"rendered":"Tienda"},"content":{"rendered":"\t\t<div data-elementor-type=\"wp-page\" data-elementor-id=\"3776\" class=\"elementor elementor-3776\">\n\t\t\t\t<div class=\"elementor-element elementor-element-343a025 e-con-full e-flex e-con e-parent\" data-id=\"343a025\" data-element_type=\"container\" data-settings=\"{&quot;background_background&quot;:&quot;slideshow&quot;,&quot;background_slideshow_gallery&quot;:[{&quot;id&quot;:3360,&quot;url&quot;:&quot;https:\\\/\\\/store.laiamarita.com\\\/wp-content\\\/uploads\\\/2025\\\/08\\\/fuerza.jpg&quot;},{&quot;id&quot;:244,&quot;url&quot;:&quot;https:\\\/\\\/store.laiamarita.com\\\/wp-content\\\/uploads\\\/2025\\\/02\\\/WhatsApp-Image-2025-02-19-at-09.52.37-2.jpeg&quot;},{&quot;id&quot;:243,&quot;url&quot;:&quot;https:\\\/\\\/store.laiamarita.com\\\/wp-content\\\/uploads\\\/2025\\\/02\\\/WhatsApp-Image-2025-02-19-at-09.52.37-3.jpeg&quot;}],&quot;background_slideshow_transition_duration&quot;:2000,&quot;background_slideshow_loop&quot;:&quot;yes&quot;,&quot;background_slideshow_slide_duration&quot;:5000,&quot;background_slideshow_slide_transition&quot;:&quot;fade&quot;}\">\n\t\t<div class=\"elementor-element elementor-element-6b515a1 e-flex e-con-boxed e-con e-child\" data-id=\"6b515a1\" data-element_type=\"container\">\n\t\t\t\t\t<div class=\"e-con-inner\">\n\t\t\t\t<div class=\"elementor-element elementor-element-a6cbd82 elementor-widget elementor-widget-heading\" data-id=\"a6cbd82\" data-element_type=\"widget\" data-widget_type=\"heading.default\">\n\t\t\t\t<div class=\"elementor-widget-container\">\n\t\t\t\t\t<h1 class=\"elementor-heading-title elementor-size-default\">Galer\u00eda Rebelde<\/h1>\t\t\t\t<\/div>\n\t\t\t\t<\/div>\n\t\t\t\t\t<\/div>\n\t\t\t\t<\/div>\n\t\t<div class=\"elementor-element elementor-element-ea7e808 e-con-full e-flex e-con e-child\" data-id=\"ea7e808\" data-element_type=\"container\">\n\t\t\t\t<div class=\"elementor-element elementor-element-40902ea elementor-widget elementor-widget-heading\" data-id=\"40902ea\" data-element_type=\"widget\" data-widget_type=\"heading.default\">\n\t\t\t\t<div class=\"elementor-widget-container\">\n\t\t\t\t\t<h3 class=\"elementor-heading-title elementor-size-default\">Objetos \u00fanicos que definen tu personalidad<\/h3>\t\t\t\t<\/div>\n\t\t\t\t<\/div>\n\t\t\t\t<\/div>\n\t\t\t\t<\/div>\n\t\t<div class=\"elementor-element elementor-element-228a35b e-flex e-con-boxed e-con e-parent\" data-id=\"228a35b\" data-element_type=\"container\">\n\t\t\t\t\t<div class=\"e-con-inner\">\n\t\t\t\t<div class=\"elementor-element elementor-element-5bdc300 elementor-widget-divider--view-line elementor-widget elementor-widget-divider\" data-id=\"5bdc300\" data-element_type=\"widget\" data-widget_type=\"divider.default\">\n\t\t\t\t<div class=\"elementor-widget-container\">\n\t\t\t\t\t\t\t<div class=\"elementor-divider\">\n\t\t\t<span class=\"elementor-divider-separator\">\n\t\t\t\t\t\t<\/span>\n\t\t<\/div>\n\t\t\t\t\t\t<\/div>\n\t\t\t\t<\/div>\n\t\t\t\t\t<\/div>\n\t\t\t\t<\/div>\n\t\t<div class=\"elementor-element elementor-element-d760771 e-flex e-con-boxed e-con e-parent\" data-id=\"d760771\" data-element_type=\"container\">\n\t\t\t\t\t<div class=\"e-con-inner\">\n\t\t\t\t<div class=\"elementor-element elementor-element-ae3c0b0 elementor-widget elementor-widget-heading\" data-id=\"ae3c0b0\" data-element_type=\"widget\" data-widget_type=\"heading.default\">\n\t\t\t\t<div class=\"elementor-widget-container\">\n\t\t\t\t\t<h2 class=\"elementor-heading-title elementor-size-default\">A\u00f1ade aqu\u00ed tu texto de cabecera<\/h2>\t\t\t\t<\/div>\n\t\t\t\t<\/div>\n\t\t\t\t\t<\/div>\n\t\t\t\t<\/div>\n\t\t<div class=\"elementor-element elementor-element-a08b886 e-flex e-con-boxed e-con e-parent\" data-id=\"a08b886\" data-element_type=\"container\">\n\t\t\t\t\t<div class=\"e-con-inner\">\n\t\t\t\t<div class=\"elementor-element elementor-element-837d7c1 elementor-grid-3 elementor-grid-tablet-2 elementor-grid-mobile-1 elementor-widget elementor-widget-eael-betterdocs-category-box\" data-id=\"837d7c1\" data-element_type=\"widget\" data-settings=\"{&quot;box_column&quot;:&quot;3&quot;,&quot;box_column_tablet&quot;:&quot;2&quot;,&quot;box_column_mobile&quot;:&quot;1&quot;}\" data-widget_type=\"eael-betterdocs-category-box.default\">\n\t\t\t\t<div class=\"elementor-widget-container\">\n\t\t\t\t\t<div id=\"eael-bd-cat-box-837d7c1\" class=\"eael-better-docs-category-box-wrapper\"><div class=\"eael-better-docs-category-box\">\u00a1No se han encontrado entradas!<p class=\"no-posts-found\"><\/p><\/div><\/div>\t\t\t\t<\/div>\n\t\t\t\t<\/div>\n\t\t\t\t\t<\/div>\n\t\t\t\t<\/div>\n\t\t<div class=\"elementor-element elementor-element-2d32d26 e-flex e-con-boxed e-con e-parent\" data-id=\"2d32d26\" data-element_type=\"container\">\n\t\t\t\t\t<div class=\"e-con-inner\">\n\t\t\t\t<div class=\"elementor-element elementor-element-09c2c0c elementor-widget elementor-widget-eael-woo-product-carousel\" data-id=\"09c2c0c\" data-element_type=\"widget\" data-widget_type=\"eael-woo-product-carousel.default\">\n\t\t\t\t<div class=\"elementor-widget-container\">\n\t\t\t\t\t\n        <div class=\"swiper-container-wrap eael-woo-product-carousel-container preset-3 swiper-container-wrap-dots-outside\" id=\"eael-product-carousel-09c2c0c\" data-widget-id=\"09c2c0c\" >\n            <div class=\"woocommerce swiper swiper-8 eael-woo-product-carousel swiper-container-09c2c0c eael-product-appender-09c2c0c eael-hover-buttons swiper-image-stretch\" data-pagination=\".swiper-pagination-09c2c0c\" data-arrow-next=\".swiper-button-next-09c2c0c\" data-arrow-prev=\".swiper-button-prev-09c2c0c\" data-type=\"preset-3\" data-effect=\"slide\" data-items=\"3\" data-slide-items=\"1\" data-margin=\"10\" data-speed=\"400\" data-autoplay=\"2000\" data-loop=\"1\" data-dots=\"1\"><div class=\"swiper-wrapper products\">    <div class=\"product swiper-slide post-2852 type-product status-publish has-post-thumbnail product_cat-sin-categorizar desktop-align-left tablet-align-left mobile-align-left first instock shipping-taxable purchasable product-type-simple\">\n        <div class=\"eael-product-carousel \">\n            <div class=\"product-image-wrap\">\n                <div class=\"image-wrap\">\n                    <img fetchpriority=\"high\" decoding=\"async\" width=\"300\" height=\"300\" src=\"https:\/\/store.laiamarita.com\/wp-content\/uploads\/2025\/02\/6-300x300.jpg\" class=\"attachment-medium size-medium\" alt=\"Libro\" loading=\"eager\" srcset=\"https:\/\/store.laiamarita.com\/wp-content\/uploads\/2025\/02\/6-300x300.jpg 300w, https:\/\/store.laiamarita.com\/wp-content\/uploads\/2025\/02\/6-1024x1024.jpg 1024w, https:\/\/store.laiamarita.com\/wp-content\/uploads\/2025\/02\/6-150x150.jpg 150w, https:\/\/store.laiamarita.com\/wp-content\/uploads\/2025\/02\/6-768x768.jpg 768w, https:\/\/store.laiamarita.com\/wp-content\/uploads\/2025\/02\/6-600x600.jpg 600w, https:\/\/store.laiamarita.com\/wp-content\/uploads\/2025\/02\/6-100x100.jpg 100w, https:\/\/store.laiamarita.com\/wp-content\/uploads\/2025\/02\/6.jpg 1200w\" sizes=\"(max-width: 300px) 100vw, 300px\" \/>                <\/div>\n                <div class=\"image-hover-wrap\">\n                    <ul class=\"icons-wrap block-style\">\n                                                    <li class=\"add-to-cart\"><a href=\"?add-to-cart=2852\" aria-describedby=\"woocommerce_loop_add_to_cart_link_describedby_2852\" data-quantity=\"1\" class=\"button product_type_simple add_to_cart_button ajax_add_to_cart\" data-product_id=\"2852\" data-product_sku=\"\" aria-label=\"A\u00f1adir al carrito: &ldquo;Libro&rdquo;\" rel=\"nofollow\" data-success_message=\"\u00abLibro\u00bb se ha a\u00f1adido a tu carrito\">A\u00f1adir al carrito<\/a>\t<span id=\"woocommerce_loop_add_to_cart_link_describedby_2852\" class=\"screen-reader-text\">\n\t\t\t<\/span>\n<\/li>\n                        \t                                                <li class=\"eael-product-quick-view\">\n                                <a id=\"eael_quick_view_69d9e938ae2f9\" data-quickview-setting=\"{&quot;widget_id&quot;:&quot;09c2c0c&quot;,&quot;product_id&quot;:2852,&quot;page_id&quot;:3776}\"\n                                   class=\"open-popup-link\">\n                                    <i class=\"fas fa-eye\"><\/i>\n                                <\/a>\n                            <\/li>\n\t                                            <li class=\"view-details\"><a href=\"https:\/\/store.laiamarita.com\/es_es\/producto\/libro\/\"><i class=\"fas fa-link\"><\/i><\/a><\/li>\n\n                    <\/ul>\n                                    <\/div>\n            <\/div>\n            <div class=\"product-details-wrap\">\n\t            <div class=\"eael-product-title\"><h2>Libro<\/h2><\/div><div class=\"eael-product-price\"><span class=\"woocommerce-Price-amount amount\"><bdi><span class=\"woocommerce-Price-currencySymbol\">&#36;<\/span>60.00<\/bdi><\/span><\/div><div class=\"eael-star-rating\"><div class=\"eael-star-rating star-rating\"><span style=\"width:0%\">Valorado con <strong class=\"rating\">0<\/strong> de 5<\/span><\/div><\/div>\n            <\/div>\n        <\/div>\n\t<\/div>\n    <\/div><\/div>            <!-- Add Pagination -->\n            <div class=\"swiper-pagination swiper-pagination-09c2c0c dots-preset-1\"><\/div>\n                <\/div>\n        \t\t\t\t<\/div>\n\t\t\t\t<\/div>\n\t\t\t\t<div class=\"elementor-element elementor-element-4c96a01 elementor-widget elementor-widget-eael-woo-product-carousel\" data-id=\"4c96a01\" data-element_type=\"widget\" data-widget_type=\"eael-woo-product-carousel.default\">\n\t\t\t\t<div class=\"elementor-widget-container\">\n\t\t\t\t\t\n        <div class=\"swiper-container-wrap eael-woo-product-carousel-container preset-3 swiper-container-wrap-dots-outside\" id=\"eael-product-carousel-4c96a01\" data-widget-id=\"4c96a01\" >\n            <p class=\"eael-no-posts-found\">Productos no encontrados<\/p>            <!-- Add Pagination -->\n            <div class=\"swiper-pagination swiper-pagination-4c96a01 dots-preset-1\"><\/div>\n                <\/div>\n        \t\t\t\t<\/div>\n\t\t\t\t<\/div>\n\t\t\t\t\t<\/div>\n\t\t\t\t<\/div>\n\t\t<div class=\"elementor-element elementor-element-344cb4c e-flex e-con-boxed e-con e-parent\" data-id=\"344cb4c\" data-element_type=\"container\">\n\t\t\t\t\t<div class=\"e-con-inner\">\n\t\t\t\t<div class=\"elementor-element elementor-element-67aec4e elementor-widget-divider--view-line elementor-widget elementor-widget-divider\" data-id=\"67aec4e\" data-element_type=\"widget\" data-widget_type=\"divider.default\">\n\t\t\t\t<div class=\"elementor-widget-container\">\n\t\t\t\t\t\t\t<div class=\"elementor-divider\">\n\t\t\t<span class=\"elementor-divider-separator\">\n\t\t\t\t\t\t<\/span>\n\t\t<\/div>\n\t\t\t\t\t\t<\/div>\n\t\t\t\t<\/div>\n\t\t\t\t\t<\/div>\n\t\t\t\t<\/div>\n\t\t<div class=\"elementor-element elementor-element-f7a05ba e-flex e-con-boxed e-con e-parent\" data-id=\"f7a05ba\" data-element_type=\"container\" data-settings=\"{&quot;background_background&quot;:&quot;classic&quot;}\">\n\t\t\t\t\t<div class=\"e-con-inner\">\n\t\t\t\t<div class=\"elementor-element elementor-element-88c256b content-align-cta-center elementor-widget__width-inherit eael-cta-overlay-yes elementor-widget elementor-widget-eael-cta-box\" data-id=\"88c256b\" data-element_type=\"widget\" data-widget_type=\"eael-cta-box.default\">\n\t\t\t\t<div class=\"elementor-widget-container\">\n\t\t\t\t\t\t\t<div class=\"eael-call-to-action cta-basic bg-img cta-preset-1\">\n        <h2 class=\"title eael-cta-heading\">\u00bfNo encuentras lo que buscas?<\/h2><p>Cada rebelde es \u00fanico. Si tienes una idea espec\u00edfica, podemos crear algo completamente nuevo para ti. Tu proyecto personalizado comienza con una conversaci\u00f3n.<\/p><a href=\"#\" class=\"cta-button cta-preset-1  \">Crear algo \u00fanico<\/a>\t<\/div>\n\t\t\t\t\t\t\t\t<\/div>\n\t\t\t\t<\/div>\n\t\t\t\t\t<\/div>\n\t\t\t\t<\/div>\n\t\t\t\t<\/div>\n\t\t","protected":false},"excerpt":{"rendered":"<p>Galer\u00eda Rebelde Objetos \u00fanicos que definen tu personalidad A\u00f1ade aqu\u00ed tu texto de cabecera \u00a1No se han encontrado entradas! A\u00f1adir al carrito Libro &#36;60.00Valorado con 0 de 5 Productos no encontrados \u00bfNo encuentras lo que buscas? Cada rebelde es \u00fanico. Si tienes una idea espec\u00edfica, podemos crear algo completamente nuevo para ti. Tu proyecto personalizado [&hellip;]<\/p>\n","protected":false},"author":1,"featured_media":0,"parent":0,"menu_order":0,"comment_status":"closed","ping_status":"closed","template":"elementor_header_footer","meta":{"_monsterinsights_skip_tracking":false,"_monsterinsights_sitenote_active":false,"_monsterinsights_sitenote_note":"","_monsterinsights_sitenote_category":0,"site-sidebar-layout":"no-sidebar","site-content-layout":"page-builder","ast-site-content-layout":"full-width-container","site-content-style":"default","site-sidebar-style":"default","ast-global-header-display":"","ast-banner-title-visibility":"","ast-main-header-display":"","ast-hfb-above-header-display":"","ast-hfb-below-header-display":"","ast-hfb-mobile-header-display":"","site-post-title":"disabled","ast-breadcrumbs-content":"","ast-featured-img":"disabled","footer-sml-layout":"","theme-transparent-header-meta":"","adv-header-id-meta":"","stick-header-meta":"","header-above-stick-meta":"","header-main-stick-meta":"","header-below-stick-meta":"","astra-migrate-meta-layouts":"set","ast-page-background-enabled":"default","ast-page-background-meta":{"desktop":{"background-color":"var(--ast-global-color-4)","background-image":"","background-repeat":"repeat","background-position":"center center","background-size":"auto","background-attachment":"scroll","background-type":"","background-media":"","overlay-type":"","overlay-color":"","overlay-opacity":"","overlay-gradient":""},"tablet":{"background-color":"","background-image":"","background-repeat":"repeat","background-position":"center center","background-size":"auto","background-attachment":"scroll","background-type":"","background-media":"","overlay-type":"","overlay-color":"","overlay-opacity":"","overlay-gradient":""},"mobile":{"background-color":"","background-image":"","background-repeat":"repeat","background-position":"center center","background-size":"auto","background-attachment":"scroll","background-type":"","background-media":"","overlay-type":"","overlay-color":"","overlay-opacity":"","overlay-gradient":""}},"ast-content-background-meta":{"desktop":{"background-color":"var(--ast-global-color-5)","background-image":"","background-repeat":"repeat","background-position":"center center","background-size":"auto","background-attachment":"scroll","background-type":"","background-media":"","overlay-type":"","overlay-color":"","overlay-opacity":"","overlay-gradient":""},"tablet":{"background-color":"var(--ast-global-color-5)","background-image":"","background-repeat":"repeat","background-position":"center center","background-size":"auto","background-attachment":"scroll","background-type":"","background-media":"","overlay-type":"","overlay-color":"","overlay-opacity":"","overlay-gradient":""},"mobile":{"background-color":"var(--ast-global-color-5)","background-image":"","background-repeat":"repeat","background-position":"center center","background-size":"auto","background-attachment":"scroll","background-type":"","background-media":"","overlay-type":"","overlay-color":"","overlay-opacity":"","overlay-gradient":""}},"_joinchat":[],"footnotes":""},"class_list":["post-3776","page","type-page","status-publish","hentry","desktop-align-left","tablet-align-left","mobile-align-left"],"aioseo_notices":[],"_links":{"self":[{"href":"https:\/\/store.laiamarita.com\/es_es\/wp-json\/wp\/v2\/pages\/3776","targetHints":{"allow":["GET"]}}],"collection":[{"href":"https:\/\/store.laiamarita.com\/es_es\/wp-json\/wp\/v2\/pages"}],"about":[{"href":"https:\/\/store.laiamarita.com\/es_es\/wp-json\/wp\/v2\/types\/page"}],"author":[{"embeddable":true,"href":"https:\/\/store.laiamarita.com\/es_es\/wp-json\/wp\/v2\/users\/1"}],"replies":[{"embeddable":true,"href":"https:\/\/store.laiamarita.com\/es_es\/wp-json\/wp\/v2\/comments?post=3776"}],"version-history":[{"count":40,"href":"https:\/\/store.laiamarita.com\/es_es\/wp-json\/wp\/v2\/pages\/3776\/revisions"}],"predecessor-version":[{"id":3823,"href":"https:\/\/store.laiamarita.com\/es_es\/wp-json\/wp\/v2\/pages\/3776\/revisions\/3823"}],"wp:attachment":[{"href":"https:\/\/store.laiamarita.com\/es_es\/wp-json\/wp\/v2\/media?parent=3776"}],"curies":[{"name":"wp","href":"https:\/\/api.w.org\/{rel}","templated":true}]}}